{"id":240,"date":"2025-07-07T13:16:44","date_gmt":"2025-07-07T19:16:44","guid":{"rendered":"https:\/\/dcsh.izt.uam.mx\/coord_administracion\/?page_id=240"},"modified":"2025-07-08T21:54:39","modified_gmt":"2025-07-09T03:54:39","slug":"plan-de-estudios","status":"publish","type":"page","link":"https:\/\/dcsh.izt.uam.mx\/coord_administracion\/index.php\/plan-de-estudios\/","title":{"rendered":"Servicio Social"},"content":{"rendered":"\t\t<div data-elementor-type=\"wp-page\" data-elementor-id=\"240\" class=\"elementor elementor-240\" data-elementor-post-type=\"page\">\n\t\t\t\t<div class=\"elementor-element elementor-element-44544ab e-flex e-con-boxed e-con e-parent\" data-id=\"44544ab\" data-element_type=\"container\" data-e-type=\"container\">\n\t\t\t\t\t<div class=\"e-con-inner\">\n\t\t\t\t<div class=\"elementor-element elementor-element-1f8aa5f elementor-widget elementor-widget-heading\" data-id=\"1f8aa5f\" data-element_type=\"widget\" data-e-type=\"widget\" data-widget_type=\"heading.default\">\n\t\t\t\t<div class=\"elementor-widget-container\">\n\t\t\t\t\t<h2 class=\"elementor-heading-title elementor-size-default\">Servicio Social<\/h2>\t\t\t\t<\/div>\n\t\t\t\t<\/div>\n\t\t\t\t\t<\/div>\n\t\t\t\t<\/div>\n\t\t<div class=\"elementor-element elementor-element-229648a e-con-full e-flex e-con e-parent\" data-id=\"229648a\" data-element_type=\"container\" data-e-type=\"container\">\n\t\t\t\t<div class=\"elementor-element elementor-element-6643644 elementor-widget elementor-widget-heading\" data-id=\"6643644\" data-element_type=\"widget\" data-e-type=\"widget\" data-widget_type=\"heading.default\">\n\t\t\t\t<div class=\"elementor-widget-container\">\n\t\t\t\t\t<h4 class=\"elementor-heading-title elementor-size-default\">Instrucciones para consultar los proyectos de servicio social vigentes de la licenciatura en Administraci\u00f3n<\/h4>\t\t\t\t<\/div>\n\t\t\t\t<\/div>\n\t\t\t\t<\/div>\n\t\t<div class=\"elementor-element elementor-element-563365e e-flex e-con-boxed e-con e-parent\" data-id=\"563365e\" data-element_type=\"container\" data-e-type=\"container\">\n\t\t\t\t\t<div class=\"e-con-inner\">\n\t\t<div class=\"elementor-element elementor-element-c28690d e-con-full e-flex e-con e-child\" data-id=\"c28690d\" data-element_type=\"container\" data-e-type=\"container\">\n\t\t\t\t<div class=\"elementor-element elementor-element-a50a7d7 elementor-widget elementor-widget-text-editor\" data-id=\"a50a7d7\" data-element_type=\"widget\" data-e-type=\"widget\" data-widget_type=\"text-editor.default\">\n\t\t\t\t<div class=\"elementor-widget-container\">\n\t\t\t\t\t\t\t\t\t<p>A partir de las siguientes instrucciones puedes consultar los proyectos de Servicio Social disponibles, para los alumnos de la licenciatura en Administraci\u00f3n:<\/p><ol><li>Ingresa a la p\u00e1gina del\u00a0<a href=\"http:\/\/csh.izt.uam.mx\/rectoria\/SDIP\/\"><strong>SDIP<\/strong>.<\/a><\/li><li>Sin iniciar sesi\u00f3n, presiona la opci\u00f3n \u201cFormatos\u201d ubicado en la parte superior (ah\u00ed encontrar\u00e1s tambi\u00e9n los formatos para inscribir el servicio social).<\/li><li>Una vez dentro, dir\u00edgete al final de la p\u00e1gina, donde se encuentra la opci\u00f3n para consultar la carpeta de proyectos aprobados.<\/li><li>Cuando hayas abierto el PDF con los proyectos, oprime las teclas Ctrl + F y en la barra que aparecer\u00e1 escribe\u00a0<strong>\u201cAdministraci\u00f3n\u201d<\/strong> para que se marquen todos los proyectos vigentes que aceptan alumnos de Administraci\u00f3n.<\/li><li>Antes de inscribirte al servicio social, es necesario que consultes al asesor interno o externo responsable del proyecto.<\/li><\/ol>\t\t\t\t\t\t\t\t<\/div>\n\t\t\t\t<\/div>\n\t\t\t\t<\/div>\n\t\t<div class=\"elementor-element elementor-element-58d13b9 e-con-full e-flex e-con e-child\" data-id=\"58d13b9\" data-element_type=\"container\" data-e-type=\"container\">\n\t\t\t\t<div class=\"elementor-element elementor-element-78fe62b elementor-widget elementor-widget-image\" data-id=\"78fe62b\" data-element_type=\"widget\" data-e-type=\"widget\" data-widget_type=\"image.default\">\n\t\t\t\t<div class=\"elementor-widget-container\">\n\t\t\t\t\t\t\t\t\t\t\t\t\t\t\t<img fetchpriority=\"high\" decoding=\"async\" width=\"300\" height=\"300\" src=\"https:\/\/dcsh.izt.uam.mx\/coord_administracion\/wp-content\/uploads\/2025\/07\/13-300x300.png\" class=\"attachment-medium size-medium wp-image-272\" alt=\"\" srcset=\"https:\/\/dcsh.izt.uam.mx\/coord_administracion\/wp-content\/uploads\/2025\/07\/13-300x300.png 300w, https:\/\/dcsh.izt.uam.mx\/coord_administracion\/wp-content\/uploads\/2025\/07\/13-1024x1024.png 1024w, https:\/\/dcsh.izt.uam.mx\/coord_administracion\/wp-content\/uploads\/2025\/07\/13-150x150.png 150w, https:\/\/dcsh.izt.uam.mx\/coord_administracion\/wp-content\/uploads\/2025\/07\/13-768x768.png 768w, https:\/\/dcsh.izt.uam.mx\/coord_administracion\/wp-content\/uploads\/2025\/07\/13.png 1080w\" sizes=\"(max-width: 300px) 100vw, 300px\" \/>\t\t\t\t\t\t\t\t\t\t\t\t\t\t\t<\/div>\n\t\t\t\t<\/div>\n\t\t\t\t<\/div>\n\t\t\t\t\t<\/div>\n\t\t\t\t<\/div>\n\t\t<div class=\"elementor-element elementor-element-8944322 e-flex e-con-boxed e-con e-parent\" data-id=\"8944322\" data-element_type=\"container\" data-e-type=\"container\">\n\t\t\t\t\t<div class=\"e-con-inner\">\n\t\t\t\t<div class=\"elementor-element elementor-element-41a04a4 elementor-widget elementor-widget-text-editor\" data-id=\"41a04a4\" data-element_type=\"widget\" data-e-type=\"widget\" data-widget_type=\"text-editor.default\">\n\t\t\t\t<div class=\"elementor-widget-container\">\n\t\t\t\t\t\t\t\t\t<p><strong>\u00abSi cumples con el 70% de cr\u00e9ditos cubiertos, ya puedes realizar tu Servicio Social\u00bb<\/strong><\/p>\t\t\t\t\t\t\t\t<\/div>\n\t\t\t\t<\/div>\n\t\t\t\t<div class=\"elementor-element elementor-element-dc29437 elementor-widget elementor-widget-text-editor\" data-id=\"dc29437\" data-element_type=\"widget\" data-e-type=\"widget\" data-widget_type=\"text-editor.default\">\n\t\t\t\t<div class=\"elementor-widget-container\">\n\t\t\t\t\t\t\t\t\t<h5><strong>Si tienes alguna duda puedes acudir al F-026 con la Lic. Brianda Natalie Garrido Ledesma, Asistente de Servicio Social, Bolsa de Trabajo y Movilidad Estudiantil<\/strong><\/h5>\t\t\t\t\t\t\t\t<\/div>\n\t\t\t\t<\/div>\n\t\t\t\t\t<\/div>\n\t\t\t\t<\/div>\n\t\t\t\t<\/div>\n\t\t","protected":false},"excerpt":{"rendered":"<p>Servicio Social Instrucciones para consultar los proyectos de servicio social vigentes de la licenciatura en Administraci\u00f3n A partir de las siguientes instrucciones puedes consultar los proyectos de Servicio Social disponibles, para los alumnos de la licenciatura en Administraci\u00f3n: Ingresa a la p\u00e1gina del\u00a0SDIP. Sin iniciar sesi\u00f3n, presiona la opci\u00f3n \u201cFormatos\u201d ubicado en la parte superior [&hellip;]<\/p>\n","protected":false},"author":1,"featured_media":0,"parent":0,"menu_order":0,"comment_status":"closed","ping_status":"closed","template":"","meta":{"footnotes":""},"class_list":["post-240","page","type-page","status-publish","hentry"],"blocksy_meta":[],"_links":{"self":[{"href":"https:\/\/dcsh.izt.uam.mx\/coord_administracion\/index.php\/wp-json\/wp\/v2\/pages\/240","targetHints":{"allow":["GET"]}}],"collection":[{"href":"https:\/\/dcsh.izt.uam.mx\/coord_administracion\/index.php\/wp-json\/wp\/v2\/pages"}],"about":[{"href":"https:\/\/dcsh.izt.uam.mx\/coord_administracion\/index.php\/wp-json\/wp\/v2\/types\/page"}],"author":[{"embeddable":true,"href":"https:\/\/dcsh.izt.uam.mx\/coord_administracion\/index.php\/wp-json\/wp\/v2\/users\/1"}],"replies":[{"embeddable":true,"href":"https:\/\/dcsh.izt.uam.mx\/coord_administracion\/index.php\/wp-json\/wp\/v2\/comments?post=240"}],"version-history":[{"count":14,"href":"https:\/\/dcsh.izt.uam.mx\/coord_administracion\/index.php\/wp-json\/wp\/v2\/pages\/240\/revisions"}],"predecessor-version":[{"id":287,"href":"https:\/\/dcsh.izt.uam.mx\/coord_administracion\/index.php\/wp-json\/wp\/v2\/pages\/240\/revisions\/287"}],"wp:attachment":[{"href":"https:\/\/dcsh.izt.uam.mx\/coord_administracion\/index.php\/wp-json\/wp\/v2\/media?parent=240"}],"curies":[{"name":"wp","href":"https:\/\/api.w.org\/{rel}","templated":true}]}}