{"id":34,"date":"2025-06-04T15:37:44","date_gmt":"2025-06-04T21:37:44","guid":{"rendered":"https:\/\/dcsh.izt.uam.mx\/coord_administracion\/?page_id=34"},"modified":"2026-02-21T12:58:26","modified_gmt":"2026-02-21T18:58:26","slug":"inicio","status":"publish","type":"page","link":"https:\/\/dcsh.izt.uam.mx\/coord_administracion\/","title":{"rendered":"Inicio"},"content":{"rendered":"\t\t<div data-elementor-type=\"wp-page\" data-elementor-id=\"34\" class=\"elementor elementor-34\" data-elementor-post-type=\"page\">\n\t\t\t\t<div class=\"elementor-element elementor-element-64108d7 e-con-full e-flex e-con e-parent\" data-id=\"64108d7\" data-element_type=\"container\" data-e-type=\"container\">\n\t\t\t\t<div class=\"elementor-element elementor-element-1e90499 elementor-arrows-position-inside elementor-pagination-position-outside elementor-widget elementor-widget-image-carousel\" data-id=\"1e90499\" data-element_type=\"widget\" data-e-type=\"widget\" data-settings=\"{&quot;slides_to_show&quot;:&quot;1&quot;,&quot;navigation&quot;:&quot;both&quot;,&quot;autoplay&quot;:&quot;yes&quot;,&quot;pause_on_hover&quot;:&quot;yes&quot;,&quot;pause_on_interaction&quot;:&quot;yes&quot;,&quot;autoplay_speed&quot;:5000,&quot;infinite&quot;:&quot;yes&quot;,&quot;effect&quot;:&quot;slide&quot;,&quot;speed&quot;:500}\" data-widget_type=\"image-carousel.default\">\n\t\t\t\t<div class=\"elementor-widget-container\">\n\t\t\t\t\t\t\t<div class=\"elementor-image-carousel-wrapper swiper\" role=\"region\" aria-roledescription=\"carousel\" aria-label=\"Carrusel de im\u00e1genes\" dir=\"ltr\">\n\t\t\t<div class=\"elementor-image-carousel swiper-wrapper swiper-image-stretch\" aria-live=\"off\">\n\t\t\t\t\t\t\t\t<div class=\"swiper-slide\" role=\"group\" aria-roledescription=\"slide\" aria-label=\"1 de 1\"><figure class=\"swiper-slide-inner\"><img decoding=\"async\" class=\"swiper-slide-image\" src=\"https:\/\/dcsh.izt.uam.mx\/coord_administracion\/wp-content\/uploads\/2025\/06\/IMAGEN-GRAFICA-1-scaled.png\" alt=\"IMAGEN GRAFICA (1)\" \/><\/figure><\/div>\t\t\t<\/div>\n\t\t\t\t\t<\/div>\n\t\t\t\t\t\t<\/div>\n\t\t\t\t<\/div>\n\t\t\t\t<\/div>\n\t\t<div class=\"elementor-element elementor-element-babeb14 e-con-full e-flex e-con e-parent\" data-id=\"babeb14\" data-element_type=\"container\" data-e-type=\"container\">\n\t\t<div class=\"elementor-element elementor-element-d6c1c43 e-con-full e-flex e-con e-child\" data-id=\"d6c1c43\" data-element_type=\"container\" data-e-type=\"container\">\n\t\t\t\t<div class=\"elementor-element elementor-element-9673a9d elementor-widget elementor-widget-text-editor\" data-id=\"9673a9d\" data-element_type=\"widget\" data-e-type=\"widget\" data-widget_type=\"text-editor.default\">\n\t\t\t\t<div class=\"elementor-widget-container\">\n\t\t\t\t\t\t\t\t\t<p style=\"font-style: normal; font-variant-ligatures: normal; font-variant-caps: normal; font-weight: 400; font-size: 18px; font-family: Raleway; margin-block-end: 27px; text-align: center;\"><strong>\u00a1Bienvenidos a la Coordinaci\u00f3n de Administraci\u00f3n!<\/strong><\/p><p style=\"font-style: normal; font-variant-ligatures: normal; font-variant-caps: normal; font-weight: 400; font-size: 18px; font-family: Raleway; margin-block-end: 27px; text-align: justify;\">Este espacio est\u00e1 dise\u00f1ado para brindarte informaci\u00f3n clara, \u00fatil y actualizada sobre tu carrera. Aqu\u00ed encontrar\u00e1s todo lo que necesitas para avanzar con \u00e9xito en tu formaci\u00f3n acad\u00e9mica y profesional.<\/p>\t\t\t\t\t\t\t\t<\/div>\n\t\t\t\t<\/div>\n\t\t\t\t<\/div>\n\t\t\t\t<\/div>\n\t\t<div class=\"elementor-element elementor-element-d99eb68 e-con-full e-flex e-con e-parent\" data-id=\"d99eb68\" data-element_type=\"container\" data-e-type=\"container\">\n\t\t\t\t<div class=\"elementor-element elementor-element-41f68f0 elementor-widget elementor-widget-heading\" data-id=\"41f68f0\" data-element_type=\"widget\" data-e-type=\"widget\" data-widget_type=\"heading.default\">\n\t\t\t\t<div class=\"elementor-widget-container\">\n\t\t\t\t\t<h2 class=\"elementor-heading-title elementor-size-default\">Avisos, noticias y eventos relevantes<\/h2>\t\t\t\t<\/div>\n\t\t\t\t<\/div>\n\t\t\t\t<div class=\"elementor-element elementor-element-74c6de4 elementor-arrows-position-inside elementor-pagination-position-outside elementor-widget elementor-widget-image-carousel\" data-id=\"74c6de4\" data-element_type=\"widget\" data-e-type=\"widget\" data-settings=\"{&quot;slides_to_show&quot;:&quot;3&quot;,&quot;image_spacing_custom&quot;:{&quot;unit&quot;:&quot;px&quot;,&quot;size&quot;:41,&quot;sizes&quot;:[]},&quot;navigation&quot;:&quot;both&quot;,&quot;autoplay&quot;:&quot;yes&quot;,&quot;pause_on_hover&quot;:&quot;yes&quot;,&quot;pause_on_interaction&quot;:&quot;yes&quot;,&quot;autoplay_speed&quot;:5000,&quot;infinite&quot;:&quot;yes&quot;,&quot;speed&quot;:500,&quot;image_spacing_custom_tablet&quot;:{&quot;unit&quot;:&quot;px&quot;,&quot;size&quot;:&quot;&quot;,&quot;sizes&quot;:[]},&quot;image_spacing_custom_mobile&quot;:{&quot;unit&quot;:&quot;px&quot;,&quot;size&quot;:&quot;&quot;,&quot;sizes&quot;:[]}}\" data-widget_type=\"image-carousel.default\">\n\t\t\t\t<div class=\"elementor-widget-container\">\n\t\t\t\t\t\t\t<div class=\"elementor-image-carousel-wrapper swiper\" role=\"region\" aria-roledescription=\"carousel\" aria-label=\"Carrusel de im\u00e1genes\" dir=\"ltr\">\n\t\t\t<div class=\"elementor-image-carousel swiper-wrapper swiper-image-stretch\" aria-live=\"off\">\n\t\t\t\t\t\t\t\t<div class=\"swiper-slide\" role=\"group\" aria-roledescription=\"slide\" aria-label=\"1 de 4\"><a data-elementor-open-lightbox=\"yes\" data-elementor-lightbox-slideshow=\"74c6de4\" data-elementor-lightbox-title=\"CARTELES 25-O (1)\" data-e-action-hash=\"#elementor-action%3Aaction%3Dlightbox%26settings%3DeyJpZCI6NDM2LCJ1cmwiOiJodHRwczpcL1wvZGNzaC5penQudWFtLm14XC9jb29yZF9hZG1pbmlzdHJhY2lvblwvd3AtY29udGVudFwvdXBsb2Fkc1wvMjAyNVwvMTBcL0NBUlRFTEVTLTI1LU8tMS5wbmciLCJzbGlkZXNob3ciOiI3NGM2ZGU0In0%3D\" href=\"https:\/\/dcsh.izt.uam.mx\/coord_administracion\/wp-content\/uploads\/2025\/10\/CARTELES-25-O-1.png\"><figure class=\"swiper-slide-inner\"><img decoding=\"async\" class=\"swiper-slide-image\" src=\"https:\/\/dcsh.izt.uam.mx\/coord_administracion\/wp-content\/uploads\/2025\/10\/CARTELES-25-O-1-768x1024.png\" alt=\"CARTELES 25-O (1)\" \/><\/figure><\/a><\/div><div class=\"swiper-slide\" role=\"group\" aria-roledescription=\"slide\" aria-label=\"2 de 4\"><a data-elementor-open-lightbox=\"yes\" data-elementor-lightbox-slideshow=\"74c6de4\" data-elementor-lightbox-title=\"HUMANISMO EN LAS ORGANIZACIONES\" data-e-action-hash=\"#elementor-action%3Aaction%3Dlightbox%26settings%3DeyJpZCI6NDM4LCJ1cmwiOiJodHRwczpcL1wvZGNzaC5penQudWFtLm14XC9jb29yZF9hZG1pbmlzdHJhY2lvblwvd3AtY29udGVudFwvdXBsb2Fkc1wvMjAyNVwvMTBcL0hVTUFOSVNNTy1FTi1MQVMtT1JHQU5JWkFDSU9ORVMucG5nIiwic2xpZGVzaG93IjoiNzRjNmRlNCJ9\" href=\"https:\/\/dcsh.izt.uam.mx\/coord_administracion\/wp-content\/uploads\/2025\/10\/HUMANISMO-EN-LAS-ORGANIZACIONES.png\"><figure class=\"swiper-slide-inner\"><img decoding=\"async\" class=\"swiper-slide-image\" src=\"https:\/\/dcsh.izt.uam.mx\/coord_administracion\/wp-content\/uploads\/2025\/10\/HUMANISMO-EN-LAS-ORGANIZACIONES-768x1024.png\" alt=\"HUMANISMO EN LAS ORGANIZACIONES\" \/><\/figure><\/a><\/div><div class=\"swiper-slide\" role=\"group\" aria-roledescription=\"slide\" aria-label=\"3 de 4\"><a data-elementor-open-lightbox=\"yes\" data-elementor-lightbox-slideshow=\"74c6de4\" data-elementor-lightbox-title=\"PHOTO-2025-10-29-12-50-42\" data-e-action-hash=\"#elementor-action%3Aaction%3Dlightbox%26settings%3DeyJpZCI6NDQ1LCJ1cmwiOiJodHRwczpcL1wvZGNzaC5penQudWFtLm14XC9jb29yZF9hZG1pbmlzdHJhY2lvblwvd3AtY29udGVudFwvdXBsb2Fkc1wvMjAyNVwvMTBcL1BIT1RPLTIwMjUtMTAtMjktMTItNTAtNDIuanBnIiwic2xpZGVzaG93IjoiNzRjNmRlNCJ9\" href=\"https:\/\/dcsh.izt.uam.mx\/coord_administracion\/wp-content\/uploads\/2025\/10\/PHOTO-2025-10-29-12-50-42.jpg\"><figure class=\"swiper-slide-inner\"><img decoding=\"async\" class=\"swiper-slide-image\" src=\"https:\/\/dcsh.izt.uam.mx\/coord_administracion\/wp-content\/uploads\/2025\/10\/PHOTO-2025-10-29-12-50-42-768x497.jpg\" alt=\"PHOTO-2025-10-29-12-50-42\" \/><\/figure><\/a><\/div><div class=\"swiper-slide\" role=\"group\" aria-roledescription=\"slide\" aria-label=\"4 de 4\"><a data-elementor-open-lightbox=\"yes\" data-elementor-lightbox-slideshow=\"74c6de4\" data-elementor-lightbox-title=\"Imagen de WhatsApp 2025-10-29 a las 12.50.42_de4bfc1c\" data-e-action-hash=\"#elementor-action%3Aaction%3Dlightbox%26settings%3DeyJpZCI6NDQ2LCJ1cmwiOiJodHRwczpcL1wvZGNzaC5penQudWFtLm14XC9jb29yZF9hZG1pbmlzdHJhY2lvblwvd3AtY29udGVudFwvdXBsb2Fkc1wvMjAyNVwvMTBcL0ltYWdlbi1kZS1XaGF0c0FwcC0yMDI1LTEwLTI5LWEtbGFzLTEyLjUwLjQyX2RlNGJmYzFjLmpwZyIsInNsaWRlc2hvdyI6Ijc0YzZkZTQifQ%3D%3D\" href=\"https:\/\/dcsh.izt.uam.mx\/coord_administracion\/wp-content\/uploads\/2025\/10\/Imagen-de-WhatsApp-2025-10-29-a-las-12.50.42_de4bfc1c.jpg\"><figure class=\"swiper-slide-inner\"><img decoding=\"async\" class=\"swiper-slide-image\" src=\"https:\/\/dcsh.izt.uam.mx\/coord_administracion\/wp-content\/uploads\/2025\/10\/Imagen-de-WhatsApp-2025-10-29-a-las-12.50.42_de4bfc1c-768x497.jpg\" alt=\"Imagen de WhatsApp 2025-10-29 a las 12.50.42_de4bfc1c\" \/><\/figure><\/a><\/div>\t\t\t<\/div>\n\t\t\t\t\t\t\t\t\t\t\t\t<div class=\"elementor-swiper-button elementor-swiper-button-prev\" role=\"button\" tabindex=\"0\">\n\t\t\t\t\t\t<svg aria-hidden=\"true\" class=\"e-font-icon-svg e-eicon-chevron-left\" viewBox=\"0 0 1000 1000\" xmlns=\"http:\/\/www.w3.org\/2000\/svg\"><path d=\"M646 125C629 125 613 133 604 142L308 442C296 454 292 471 292 487 292 504 296 521 308 533L604 854C617 867 629 875 646 875 663 875 679 871 692 858 704 846 713 829 713 812 713 796 708 779 692 767L438 487 692 225C700 217 708 204 708 187 708 171 704 154 692 142 675 129 663 125 646 125Z\"><\/path><\/svg>\t\t\t\t\t<\/div>\n\t\t\t\t\t<div class=\"elementor-swiper-button elementor-swiper-button-next\" role=\"button\" tabindex=\"0\">\n\t\t\t\t\t\t<svg aria-hidden=\"true\" class=\"e-font-icon-svg e-eicon-chevron-right\" viewBox=\"0 0 1000 1000\" xmlns=\"http:\/\/www.w3.org\/2000\/svg\"><path d=\"M696 533C708 521 713 504 713 487 713 471 708 454 696 446L400 146C388 133 375 125 354 125 338 125 325 129 313 142 300 154 292 171 292 187 292 204 296 221 308 233L563 492 304 771C292 783 288 800 288 817 288 833 296 850 308 863 321 871 338 875 354 875 371 875 388 867 400 854L696 533Z\"><\/path><\/svg>\t\t\t\t\t<\/div>\n\t\t\t\t\n\t\t\t\t\t\t\t\t\t<div class=\"swiper-pagination\"><\/div>\n\t\t\t\t\t\t\t\t\t<\/div>\n\t\t\t\t\t\t<\/div>\n\t\t\t\t<\/div>\n\t\t\t\t<\/div>\n\t\t\t\t<\/div>\n\t\t","protected":false},"excerpt":{"rendered":"<p>\u00a1Bienvenidos a la Coordinaci\u00f3n de Administraci\u00f3n! Este espacio est\u00e1 dise\u00f1ado para brindarte informaci\u00f3n clara, \u00fatil y actualizada sobre tu carrera. Aqu\u00ed encontrar\u00e1s todo lo que necesitas para avanzar con \u00e9xito en tu formaci\u00f3n acad\u00e9mica y profesional. Avisos, noticias y eventos relevantes<\/p>\n","protected":false},"author":3,"featured_media":0,"parent":0,"menu_order":0,"comment_status":"closed","ping_status":"closed","template":"elementor_header_footer","meta":{"footnotes":""},"class_list":["post-34","page","type-page","status-publish","hentry"],"blocksy_meta":[],"_links":{"self":[{"href":"https:\/\/dcsh.izt.uam.mx\/coord_administracion\/index.php\/wp-json\/wp\/v2\/pages\/34","targetHints":{"allow":["GET"]}}],"collection":[{"href":"https:\/\/dcsh.izt.uam.mx\/coord_administracion\/index.php\/wp-json\/wp\/v2\/pages"}],"about":[{"href":"https:\/\/dcsh.izt.uam.mx\/coord_administracion\/index.php\/wp-json\/wp\/v2\/types\/page"}],"author":[{"embeddable":true,"href":"https:\/\/dcsh.izt.uam.mx\/coord_administracion\/index.php\/wp-json\/wp\/v2\/users\/3"}],"replies":[{"embeddable":true,"href":"https:\/\/dcsh.izt.uam.mx\/coord_administracion\/index.php\/wp-json\/wp\/v2\/comments?post=34"}],"version-history":[{"count":46,"href":"https:\/\/dcsh.izt.uam.mx\/coord_administracion\/index.php\/wp-json\/wp\/v2\/pages\/34\/revisions"}],"predecessor-version":[{"id":465,"href":"https:\/\/dcsh.izt.uam.mx\/coord_administracion\/index.php\/wp-json\/wp\/v2\/pages\/34\/revisions\/465"}],"wp:attachment":[{"href":"https:\/\/dcsh.izt.uam.mx\/coord_administracion\/index.php\/wp-json\/wp\/v2\/media?parent=34"}],"curies":[{"name":"wp","href":"https:\/\/api.w.org\/{rel}","templated":true}]}}