{"id":350,"date":"2025-07-11T10:35:18","date_gmt":"2025-07-11T16:35:18","guid":{"rendered":"https:\/\/dcsh.izt.uam.mx\/coord_administracion\/?page_id=350"},"modified":"2025-07-11T10:43:59","modified_gmt":"2025-07-11T16:43:59","slug":"mercado-de-trabajo","status":"publish","type":"page","link":"https:\/\/dcsh.izt.uam.mx\/coord_administracion\/index.php\/mercado-de-trabajo\/","title":{"rendered":"Mercado de Trabajo"},"content":{"rendered":"\t\t<div data-elementor-type=\"wp-page\" data-elementor-id=\"350\" class=\"elementor elementor-350\" data-elementor-post-type=\"page\">\n\t\t\t\t<div class=\"elementor-element elementor-element-55fb932 e-flex e-con-boxed e-con e-parent\" data-id=\"55fb932\" data-element_type=\"container\" data-e-type=\"container\">\n\t\t\t\t\t<div class=\"e-con-inner\">\n\t\t\t\t<div class=\"elementor-element elementor-element-f6d614d elementor-widget elementor-widget-heading\" data-id=\"f6d614d\" data-element_type=\"widget\" data-e-type=\"widget\" data-widget_type=\"heading.default\">\n\t\t\t\t<div class=\"elementor-widget-container\">\n\t\t\t\t\t<h2 class=\"elementor-heading-title elementor-size-default\">Mercado de trabajo<\/h2>\t\t\t\t<\/div>\n\t\t\t\t<\/div>\n\t\t\t\t\t<\/div>\n\t\t\t\t<\/div>\n\t\t<div class=\"elementor-element elementor-element-459fd96 e-flex e-con-boxed e-con e-parent\" data-id=\"459fd96\" data-element_type=\"container\" data-e-type=\"container\">\n\t\t\t\t\t<div class=\"e-con-inner\">\n\t\t<div class=\"elementor-element elementor-element-fb420c8 e-con-full e-flex e-con e-child\" data-id=\"fb420c8\" data-element_type=\"container\" data-e-type=\"container\">\n\t\t\t\t<div class=\"elementor-element elementor-element-0ae53ab elementor-widget elementor-widget-text-editor\" data-id=\"0ae53ab\" data-element_type=\"widget\" data-e-type=\"widget\" data-widget_type=\"text-editor.default\">\n\t\t\t\t<div class=\"elementor-widget-container\">\n\t\t\t\t\t\t\t\t\t<p>Como administrador, podr\u00e1s laborar en organizaciones del sector p\u00fablico, privado y social, as\u00ed como en agencias de asesor\u00eda econ\u00f3mica y financiera o brindar sus servicios de manera independiente, mediante el diagn\u00f3stico y las soluciones a problemas espec\u00edficos. Asimismo, podr\u00e1s participar en trabajos de investigaci\u00f3n o docencia en instituciones de educaci\u00f3n de Nivel Medio y Superior.<\/p>\t\t\t\t\t\t\t\t<\/div>\n\t\t\t\t<\/div>\n\t\t\t\t<\/div>\n\t\t<div class=\"elementor-element elementor-element-9290365 e-con-full e-flex e-con e-child\" data-id=\"9290365\" data-element_type=\"container\" data-e-type=\"container\">\n\t\t\t\t<div class=\"elementor-element elementor-element-5c9c39a elementor-widget elementor-widget-image\" data-id=\"5c9c39a\" data-element_type=\"widget\" data-e-type=\"widget\" data-widget_type=\"image.default\">\n\t\t\t\t<div class=\"elementor-widget-container\">\n\t\t\t\t\t\t\t\t\t\t\t\t\t\t\t<img fetchpriority=\"high\" decoding=\"async\" width=\"720\" height=\"480\" src=\"https:\/\/dcsh.izt.uam.mx\/coord_administracion\/wp-content\/uploads\/2025\/07\/Licenciatura-Administracion-Empresas-3.jpg\" class=\"attachment-medium_large size-medium_large wp-image-363\" alt=\"\" srcset=\"https:\/\/dcsh.izt.uam.mx\/coord_administracion\/wp-content\/uploads\/2025\/07\/Licenciatura-Administracion-Empresas-3.jpg 720w, https:\/\/dcsh.izt.uam.mx\/coord_administracion\/wp-content\/uploads\/2025\/07\/Licenciatura-Administracion-Empresas-3-300x200.jpg 300w\" sizes=\"(max-width: 720px) 100vw, 720px\" \/>\t\t\t\t\t\t\t\t\t\t\t\t\t\t\t<\/div>\n\t\t\t\t<\/div>\n\t\t\t\t<\/div>\n\t\t\t\t\t<\/div>\n\t\t\t\t<\/div>\n\t\t\t\t<\/div>\n\t\t","protected":false},"excerpt":{"rendered":"<p>Mercado de trabajo Como administrador, podr\u00e1s laborar en organizaciones del sector p\u00fablico, privado y social, as\u00ed como en agencias de asesor\u00eda econ\u00f3mica y financiera o brindar sus servicios de manera independiente, mediante el diagn\u00f3stico y las soluciones a problemas espec\u00edficos. Asimismo, podr\u00e1s participar en trabajos de investigaci\u00f3n o docencia en instituciones de educaci\u00f3n de Nivel [&hellip;]<\/p>\n","protected":false},"author":3,"featured_media":0,"parent":0,"menu_order":0,"comment_status":"closed","ping_status":"closed","template":"","meta":{"footnotes":""},"class_list":["post-350","page","type-page","status-publish","hentry"],"blocksy_meta":[],"_links":{"self":[{"href":"https:\/\/dcsh.izt.uam.mx\/coord_administracion\/index.php\/wp-json\/wp\/v2\/pages\/350","targetHints":{"allow":["GET"]}}],"collection":[{"href":"https:\/\/dcsh.izt.uam.mx\/coord_administracion\/index.php\/wp-json\/wp\/v2\/pages"}],"about":[{"href":"https:\/\/dcsh.izt.uam.mx\/coord_administracion\/index.php\/wp-json\/wp\/v2\/types\/page"}],"author":[{"embeddable":true,"href":"https:\/\/dcsh.izt.uam.mx\/coord_administracion\/index.php\/wp-json\/wp\/v2\/users\/3"}],"replies":[{"embeddable":true,"href":"https:\/\/dcsh.izt.uam.mx\/coord_administracion\/index.php\/wp-json\/wp\/v2\/comments?post=350"}],"version-history":[{"count":14,"href":"https:\/\/dcsh.izt.uam.mx\/coord_administracion\/index.php\/wp-json\/wp\/v2\/pages\/350\/revisions"}],"predecessor-version":[{"id":368,"href":"https:\/\/dcsh.izt.uam.mx\/coord_administracion\/index.php\/wp-json\/wp\/v2\/pages\/350\/revisions\/368"}],"wp:attachment":[{"href":"https:\/\/dcsh.izt.uam.mx\/coord_administracion\/index.php\/wp-json\/wp\/v2\/media?parent=350"}],"curies":[{"name":"wp","href":"https:\/\/api.w.org\/{rel}","templated":true}]}}