{"id":1008,"date":"2026-03-13T18:15:58","date_gmt":"2026-03-13T17:15:58","guid":{"rendered":"https:\/\/dcsh.izt.uam.mx\/coord_posgrados\/?page_id=1008"},"modified":"2026-03-18T23:13:56","modified_gmt":"2026-03-19T05:13:56","slug":"sala-de-posgrados","status":"publish","type":"page","link":"https:\/\/dcsh.izt.uam.mx\/coord_posgrados\/index.php\/sala-de-posgrados\/","title":{"rendered":"Sala de Posgrados"},"content":{"rendered":"\t\t<div data-elementor-type=\"wp-page\" data-elementor-id=\"1008\" class=\"elementor elementor-1008\" data-elementor-post-type=\"page\">\n\t\t\t\t<div class=\"elementor-element elementor-element-ba942f1 e-con-full e-flex e-con e-parent\" data-id=\"ba942f1\" data-element_type=\"container\" data-e-type=\"container\">\n\t\t\t\t<div class=\"elementor-element elementor-element-847f502 elementor--h-position-left elementor-widget__width-inherit elementor--v-position-middle elementor-arrows-position-inside elementor-pagination-position-inside elementor-widget elementor-widget-slides\" data-id=\"847f502\" data-element_type=\"widget\" data-e-type=\"widget\" data-settings=\"{&quot;transition&quot;:&quot;fade&quot;,&quot;navigation&quot;:&quot;both&quot;,&quot;autoplay&quot;:&quot;yes&quot;,&quot;pause_on_hover&quot;:&quot;yes&quot;,&quot;pause_on_interaction&quot;:&quot;yes&quot;,&quot;autoplay_speed&quot;:5000,&quot;infinite&quot;:&quot;yes&quot;,&quot;transition_speed&quot;:500}\" data-widget_type=\"slides.default\">\n\t\t\t\t<div class=\"elementor-widget-container\">\n\t\t\t\t\t\t\t\t\t<div class=\"elementor-swiper\">\n\t\t\t\t\t<div class=\"elementor-slides-wrapper elementor-main-swiper swiper\" role=\"region\" aria-roledescription=\"carousel\" aria-label=\"Slides\" dir=\"ltr\" data-animation=\"fadeInUp\">\n\t\t\t\t<div class=\"swiper-wrapper elementor-slides\">\n\t\t\t\t\t\t\t\t\t\t<div class=\"elementor-repeater-item-9ef6c00 swiper-slide\" role=\"group\" aria-roledescription=\"slide\"><div class=\"swiper-slide-bg\" role=\"img\" aria-label=\"1_header_copy\"><\/div><div class=\"elementor-background-overlay\"><\/div><div class=\"swiper-slide-inner\" ><div class=\"swiper-slide-contents\"><div class=\"elementor-slide-heading\">Sala de Posgrados<\/div><\/div><\/div><\/div>\t\t\t\t<\/div>\n\t\t\t\t\t\t\t<\/div>\n\t\t\t\t<\/div>\n\t\t\t\t\t\t\t\t<\/div>\n\t\t\t\t<\/div>\n\t\t\t\t<\/div>\n\t\t<div class=\"elementor-element elementor-element-4cea454 e-flex e-con-boxed e-con e-parent\" data-id=\"4cea454\" data-element_type=\"container\" data-e-type=\"container\">\n\t\t\t\t\t<div class=\"e-con-inner\">\n\t\t\t\t<div class=\"elementor-element elementor-element-7612d7b elementor-widget elementor-widget-spacer\" data-id=\"7612d7b\" data-element_type=\"widget\" data-e-type=\"widget\" data-widget_type=\"spacer.default\">\n\t\t\t\t<div class=\"elementor-widget-container\">\n\t\t\t\t\t\t\t<div class=\"elementor-spacer\">\n\t\t\t<div class=\"elementor-spacer-inner\"><\/div>\n\t\t<\/div>\n\t\t\t\t\t\t<\/div>\n\t\t\t\t<\/div>\n\t\t\t\t\t<\/div>\n\t\t\t\t<\/div>\n\t\t<div class=\"elementor-element elementor-element-df874af e-flex e-con-boxed e-con e-parent\" data-id=\"df874af\" data-element_type=\"container\" data-e-type=\"container\">\n\t\t\t\t\t<div class=\"e-con-inner\">\n\t\t\t\t<div class=\"elementor-element elementor-element-f320b7c elementor-widget-divider--view-line elementor-widget elementor-widget-divider\" data-id=\"f320b7c\" data-element_type=\"widget\" data-e-type=\"widget\" data-widget_type=\"divider.default\">\n\t\t\t\t<div class=\"elementor-widget-container\">\n\t\t\t\t\t\t\t<div class=\"elementor-divider\">\n\t\t\t<span class=\"elementor-divider-separator\">\n\t\t\t\t\t\t<\/span>\n\t\t<\/div>\n\t\t\t\t\t\t<\/div>\n\t\t\t\t<\/div>\n\t\t\t\t\t<\/div>\n\t\t\t\t<\/div>\n\t\t<div class=\"elementor-element elementor-element-f419f54 e-flex e-con-boxed e-con e-parent\" data-id=\"f419f54\" data-element_type=\"container\" data-e-type=\"container\">\n\t\t\t\t\t<div class=\"e-con-inner\">\n\t\t\t\t<div class=\"elementor-element elementor-element-7845fdb elementor-widget__width-initial elementor-widget elementor-widget-image\" data-id=\"7845fdb\" data-element_type=\"widget\" data-e-type=\"widget\" data-widget_type=\"image.default\">\n\t\t\t\t<div class=\"elementor-widget-container\">\n\t\t\t\t\t\t\t\t\t\t\t\t\t\t\t<img fetchpriority=\"high\" decoding=\"async\" width=\"1024\" height=\"1024\" src=\"https:\/\/dcsh.izt.uam.mx\/coord_posgrados\/wp-content\/uploads\/2026\/03\/WhatsApp-Image-2026-03-13-at-12.26.04-1-1024x1024.jpeg\" class=\"attachment-large size-large wp-image-1021\" alt=\"\" srcset=\"https:\/\/dcsh.izt.uam.mx\/coord_posgrados\/wp-content\/uploads\/2026\/03\/WhatsApp-Image-2026-03-13-at-12.26.04-1-1024x1024.jpeg 1024w, https:\/\/dcsh.izt.uam.mx\/coord_posgrados\/wp-content\/uploads\/2026\/03\/WhatsApp-Image-2026-03-13-at-12.26.04-1-300x300.jpeg 300w, https:\/\/dcsh.izt.uam.mx\/coord_posgrados\/wp-content\/uploads\/2026\/03\/WhatsApp-Image-2026-03-13-at-12.26.04-1-150x150.jpeg 150w, https:\/\/dcsh.izt.uam.mx\/coord_posgrados\/wp-content\/uploads\/2026\/03\/WhatsApp-Image-2026-03-13-at-12.26.04-1-768x768.jpeg 768w, https:\/\/dcsh.izt.uam.mx\/coord_posgrados\/wp-content\/uploads\/2026\/03\/WhatsApp-Image-2026-03-13-at-12.26.04-1.jpeg 1200w\" sizes=\"(max-width: 1024px) 100vw, 1024px\" \/>\t\t\t\t\t\t\t\t\t\t\t\t\t\t\t<\/div>\n\t\t\t\t<\/div>\n\t\t\t\t<div class=\"elementor-element elementor-element-e9ead24 elementor-widget elementor-widget-spacer\" data-id=\"e9ead24\" data-element_type=\"widget\" data-e-type=\"widget\" data-widget_type=\"spacer.default\">\n\t\t\t\t<div class=\"elementor-widget-container\">\n\t\t\t\t\t\t\t<div class=\"elementor-spacer\">\n\t\t\t<div class=\"elementor-spacer-inner\"><\/div>\n\t\t<\/div>\n\t\t\t\t\t\t<\/div>\n\t\t\t\t<\/div>\n\t\t<div class=\"elementor-element elementor-element-c77623b e-con-full e-flex e-con e-child\" data-id=\"c77623b\" data-element_type=\"container\" data-e-type=\"container\">\n\t\t<div class=\"elementor-element elementor-element-a68c8d7 e-con-full e-flex e-con e-child\" data-id=\"a68c8d7\" data-element_type=\"container\" data-e-type=\"container\">\n\t\t\t\t<div class=\"elementor-element elementor-element-4a5aabe elementor-widget elementor-widget-heading\" data-id=\"4a5aabe\" data-element_type=\"widget\" data-e-type=\"widget\" data-widget_type=\"heading.default\">\n\t\t\t\t<div class=\"elementor-widget-container\">\n\t\t\t\t\t<h2 class=\"elementor-heading-title elementor-size-default\">Conoce la sala de Posgrados<\/h2>\t\t\t\t<\/div>\n\t\t\t\t<\/div>\n\t\t\t\t<\/div>\n\t\t<div class=\"elementor-element elementor-element-e2f47a0 e-con-full e-flex e-con e-child\" data-id=\"e2f47a0\" data-element_type=\"container\" data-e-type=\"container\">\n\t\t\t\t<div class=\"elementor-element elementor-element-b57ed3b elementor-widget elementor-widget-text-editor\" data-id=\"b57ed3b\" data-element_type=\"widget\" data-e-type=\"widget\" data-widget_type=\"text-editor.default\">\n\t\t\t\t<div class=\"elementor-widget-container\">\n\t\t\t\t\t\t\t\t\t<p>La sala de posgrado es un espacio destinado a las y los estudiantes de este nivel, en el que pueden estudiar, realizar tareas o desarrollar sus proyectos acad\u00e9micos. El \u00e1rea cuenta con lockers de uso temporal para resguardar pertenencias durante su estancia. Cada estudiante deber\u00e1 llevar su propio material de estudio.<\/p><p>\u00a0<\/p><p><strong>El procedimiento para acceder a la sala es el siguiente:<\/strong><\/p><p>\u00a0<\/p><ol><li>Descargar el <strong>formato<\/strong> de registro, llenarlo con los datos solicitados y recabar la firma de la persona coordinadora del programa de posgrado.<\/li><li>Entregar el formato debidamente requisitado en la <strong>oficina de la Coordinaci\u00f3n de Investigaci\u00f3n y Posgrado<\/strong>, ubicada en el edificio H, cub\u00edculo 205.<\/li><li>Una vez entregado el formato, se realizar\u00e1 el registro de la <strong>huella digital<\/strong> para habilitar el acceso a la sala.<\/li><\/ol><p>En caso de requerir el <strong>uso de lockers<\/strong>, se deber\u00e1 solicitar la llave en la misma oficina. Esta ser\u00e1 de uso exclusivo durante el d\u00eda en que se solicite y deber\u00e1 devolverse al finalizar la jornada, a fin de que otros estudiantes puedan hacer uso de los espacios.<\/p>\t\t\t\t\t\t\t\t<\/div>\n\t\t\t\t<\/div>\n\t\t\t\t<\/div>\n\t\t\t\t<\/div>\n\t\t\t\t\t<\/div>\n\t\t\t\t<\/div>\n\t\t<div class=\"elementor-element elementor-element-7d8f928 e-flex e-con-boxed e-con e-parent\" data-id=\"7d8f928\" data-element_type=\"container\" data-e-type=\"container\">\n\t\t\t\t\t<div class=\"e-con-inner\">\n\t\t<div class=\"elementor-element elementor-element-e866a71 e-con-full e-flex e-con e-child\" data-id=\"e866a71\" data-element_type=\"container\" data-e-type=\"container\">\n\t\t\t\t<\/div>\n\t\t<div class=\"elementor-element elementor-element-3d48e3a e-con-full e-flex e-con e-child\" data-id=\"3d48e3a\" data-element_type=\"container\" data-e-type=\"container\">\n\t\t\t\t<\/div>\n\t\t<div class=\"elementor-element elementor-element-9799e27 e-con-full e-flex e-con e-child\" data-id=\"9799e27\" data-element_type=\"container\" data-e-type=\"container\">\n\t\t\t\t<div class=\"elementor-element elementor-element-e84a23e elementor-widget elementor-widget-spacer\" data-id=\"e84a23e\" data-element_type=\"widget\" data-e-type=\"widget\" data-widget_type=\"spacer.default\">\n\t\t\t\t<div class=\"elementor-widget-container\">\n\t\t\t\t\t\t\t<div class=\"elementor-spacer\">\n\t\t\t<div class=\"elementor-spacer-inner\"><\/div>\n\t\t<\/div>\n\t\t\t\t\t\t<\/div>\n\t\t\t\t<\/div>\n\t\t\t\t<div class=\"elementor-element elementor-element-8bd8151 elementor-button-success elementor-align-center elementor-widget elementor-widget-button\" data-id=\"8bd8151\" data-element_type=\"widget\" data-e-type=\"widget\" data-widget_type=\"button.default\">\n\t\t\t\t<div class=\"elementor-widget-container\">\n\t\t\t\t\t\t\t\t\t<div class=\"elementor-button-wrapper\">\n\t\t\t\t\t<a class=\"elementor-button elementor-button-link elementor-size-sm\" href=\"https:\/\/dcsh.izt.uam.mx\/coord_posgrados\/wp-content\/uploads\/2026\/03\/Formato-sala-posgrados-Estudiantado.pdf\">\n\t\t\t\t\t\t<span class=\"elementor-button-content-wrapper\">\n\t\t\t\t\t\t\t\t\t<span class=\"elementor-button-text\">Formato para estudiantado<\/span>\n\t\t\t\t\t<\/span>\n\t\t\t\t\t<\/a>\n\t\t\t\t<\/div>\n\t\t\t\t\t\t\t\t<\/div>\n\t\t\t\t<\/div>\n\t\t\t\t<\/div>\n\t\t<div class=\"elementor-element elementor-element-551b0fe e-con-full e-flex e-con e-child\" data-id=\"551b0fe\" data-element_type=\"container\" data-e-type=\"container\">\n\t\t\t\t<div class=\"elementor-element elementor-element-b1e740d elementor-widget elementor-widget-spacer\" data-id=\"b1e740d\" data-element_type=\"widget\" data-e-type=\"widget\" data-widget_type=\"spacer.default\">\n\t\t\t\t<div class=\"elementor-widget-container\">\n\t\t\t\t\t\t\t<div class=\"elementor-spacer\">\n\t\t\t<div class=\"elementor-spacer-inner\"><\/div>\n\t\t<\/div>\n\t\t\t\t\t\t<\/div>\n\t\t\t\t<\/div>\n\t\t\t\t<div class=\"elementor-element elementor-element-4682030 elementor-button-success elementor-align-center elementor-widget elementor-widget-button\" data-id=\"4682030\" data-element_type=\"widget\" data-e-type=\"widget\" data-widget_type=\"button.default\">\n\t\t\t\t<div class=\"elementor-widget-container\">\n\t\t\t\t\t\t\t\t\t<div class=\"elementor-button-wrapper\">\n\t\t\t\t\t<a class=\"elementor-button elementor-button-link elementor-size-sm\" href=\"https:\/\/dcsh.izt.uam.mx\/coord_posgrados\/wp-content\/uploads\/2026\/03\/Formato-sala-posgrados-Profesorado.pdf\">\n\t\t\t\t\t\t<span class=\"elementor-button-content-wrapper\">\n\t\t\t\t\t\t\t\t\t<span class=\"elementor-button-text\">Formato para profesorado<\/span>\n\t\t\t\t\t<\/span>\n\t\t\t\t\t<\/a>\n\t\t\t\t<\/div>\n\t\t\t\t\t\t\t\t<\/div>\n\t\t\t\t<\/div>\n\t\t\t\t<\/div>\n\t\t\t\t\t<\/div>\n\t\t\t\t<\/div>\n\t\t\t\t<\/div>\n\t\t","protected":false},"excerpt":{"rendered":"<p>Sala de Posgrados Conoce la sala de Posgrados La sala de posgrado es un espacio destinado a las y los estudiantes de este nivel, en el que pueden estudiar, realizar tareas o desarrollar sus proyectos acad\u00e9micos. El \u00e1rea cuenta con lockers de uso temporal para resguardar pertenencias durante su estancia. Cada estudiante deber\u00e1 llevar su [&hellip;]<\/p>\n","protected":false},"author":5,"featured_media":0,"parent":0,"menu_order":0,"comment_status":"closed","ping_status":"closed","template":"","meta":{"footnotes":""},"class_list":["post-1008","page","type-page","status-publish","hentry"],"blocksy_meta":[],"_links":{"self":[{"href":"https:\/\/dcsh.izt.uam.mx\/coord_posgrados\/index.php\/wp-json\/wp\/v2\/pages\/1008","targetHints":{"allow":["GET"]}}],"collection":[{"href":"https:\/\/dcsh.izt.uam.mx\/coord_posgrados\/index.php\/wp-json\/wp\/v2\/pages"}],"about":[{"href":"https:\/\/dcsh.izt.uam.mx\/coord_posgrados\/index.php\/wp-json\/wp\/v2\/types\/page"}],"author":[{"embeddable":true,"href":"https:\/\/dcsh.izt.uam.mx\/coord_posgrados\/index.php\/wp-json\/wp\/v2\/users\/5"}],"replies":[{"embeddable":true,"href":"https:\/\/dcsh.izt.uam.mx\/coord_posgrados\/index.php\/wp-json\/wp\/v2\/comments?post=1008"}],"version-history":[{"count":22,"href":"https:\/\/dcsh.izt.uam.mx\/coord_posgrados\/index.php\/wp-json\/wp\/v2\/pages\/1008\/revisions"}],"predecessor-version":[{"id":1133,"href":"https:\/\/dcsh.izt.uam.mx\/coord_posgrados\/index.php\/wp-json\/wp\/v2\/pages\/1008\/revisions\/1133"}],"wp:attachment":[{"href":"https:\/\/dcsh.izt.uam.mx\/coord_posgrados\/index.php\/wp-json\/wp\/v2\/media?parent=1008"}],"curies":[{"name":"wp","href":"https:\/\/api.w.org\/{rel}","templated":true}]}}