{"id":98,"date":"2026-02-11T18:33:50","date_gmt":"2026-02-11T17:33:50","guid":{"rendered":"https:\/\/dcsh.izt.uam.mx\/coord_posgrados\/?page_id=98"},"modified":"2026-03-25T13:51:06","modified_gmt":"2026-03-25T19:51:06","slug":"presentacion","status":"publish","type":"page","link":"https:\/\/dcsh.izt.uam.mx\/coord_posgrados\/index.php\/cip\/presentacion\/","title":{"rendered":"Presentaci\u00f3n"},"content":{"rendered":"\t\t<div data-elementor-type=\"wp-page\" data-elementor-id=\"98\" class=\"elementor elementor-98\" data-elementor-post-type=\"page\">\n\t\t\t\t<div class=\"elementor-element elementor-element-b7273d8 e-con-full e-flex e-con e-parent\" data-id=\"b7273d8\" data-element_type=\"container\" data-e-type=\"container\">\n\t\t<div class=\"elementor-element elementor-element-0e3f81d e-con-full e-flex e-con e-child\" data-id=\"0e3f81d\" data-element_type=\"container\" data-e-type=\"container\">\n\t\t\t\t<div class=\"elementor-element elementor-element-16a3b26 elementor--h-position-left elementor--v-position-middle elementor-arrows-position-inside elementor-pagination-position-inside elementor-widget elementor-widget-slides\" data-id=\"16a3b26\" data-element_type=\"widget\" data-e-type=\"widget\" data-settings=\"{&quot;transition&quot;:&quot;fade&quot;,&quot;navigation&quot;:&quot;both&quot;,&quot;autoplay&quot;:&quot;yes&quot;,&quot;pause_on_hover&quot;:&quot;yes&quot;,&quot;pause_on_interaction&quot;:&quot;yes&quot;,&quot;autoplay_speed&quot;:5000,&quot;infinite&quot;:&quot;yes&quot;,&quot;transition_speed&quot;:500}\" data-widget_type=\"slides.default\">\n\t\t\t\t<div class=\"elementor-widget-container\">\n\t\t\t\t\t\t\t\t\t<div class=\"elementor-swiper\">\n\t\t\t\t\t<div class=\"elementor-slides-wrapper elementor-main-swiper swiper\" role=\"region\" aria-roledescription=\"carousel\" aria-label=\"Slides\" dir=\"ltr\" data-animation=\"fadeInUp\">\n\t\t\t\t<div class=\"swiper-wrapper elementor-slides\">\n\t\t\t\t\t\t\t\t\t\t<div class=\"elementor-repeater-item-9ef6c00 swiper-slide\" role=\"group\" aria-roledescription=\"slide\"><div class=\"swiper-slide-bg\" role=\"img\" aria-label=\"1_header_copy\"><\/div><div class=\"elementor-background-overlay\"><\/div><div class=\"swiper-slide-inner\" ><div class=\"swiper-slide-contents\"><div class=\"elementor-slide-heading\">Presentaci\u00f3n CIP<\/div><\/div><\/div><\/div>\t\t\t\t<\/div>\n\t\t\t\t\t\t\t<\/div>\n\t\t\t\t<\/div>\n\t\t\t\t\t\t\t\t<\/div>\n\t\t\t\t<\/div>\n\t\t\t\t<div class=\"elementor-element elementor-element-0b883a3 elementor-widget elementor-widget-spacer\" data-id=\"0b883a3\" data-element_type=\"widget\" data-e-type=\"widget\" data-widget_type=\"spacer.default\">\n\t\t\t\t<div class=\"elementor-widget-container\">\n\t\t\t\t\t\t\t<div class=\"elementor-spacer\">\n\t\t\t<div class=\"elementor-spacer-inner\"><\/div>\n\t\t<\/div>\n\t\t\t\t\t\t<\/div>\n\t\t\t\t<\/div>\n\t\t\t\t<\/div>\n\t\t\t\t<\/div>\n\t\t<div class=\"elementor-element elementor-element-3697eb5 e-con-full e-flex e-con e-parent\" data-id=\"3697eb5\" data-element_type=\"container\" data-e-type=\"container\">\n\t\t\t\t<div class=\"elementor-element elementor-element-d42d1cb elementor-widget elementor-widget-spacer\" data-id=\"d42d1cb\" data-element_type=\"widget\" data-e-type=\"widget\" data-widget_type=\"spacer.default\">\n\t\t\t\t<div class=\"elementor-widget-container\">\n\t\t\t\t\t\t\t<div class=\"elementor-spacer\">\n\t\t\t<div class=\"elementor-spacer-inner\"><\/div>\n\t\t<\/div>\n\t\t\t\t\t\t<\/div>\n\t\t\t\t<\/div>\n\t\t\t\t<\/div>\n\t\t<div class=\"elementor-element elementor-element-7f84bc6 e-flex e-con-boxed e-con e-parent\" data-id=\"7f84bc6\" data-element_type=\"container\" data-e-type=\"container\">\n\t\t\t\t\t<div class=\"e-con-inner\">\n\t\t<div class=\"elementor-element elementor-element-d84d4fb e-con-full e-flex e-con e-child\" data-id=\"d84d4fb\" data-element_type=\"container\" data-e-type=\"container\">\n\t\t\t\t<\/div>\n\t\t<div class=\"elementor-element elementor-element-47bac8d e-con-full e-flex e-con e-child\" data-id=\"47bac8d\" data-element_type=\"container\" data-e-type=\"container\">\n\t\t\t\t<div class=\"elementor-element elementor-element-4dfcd20 elementor-widget__width-initial elementor-widget elementor-widget-text-editor\" data-id=\"4dfcd20\" data-element_type=\"widget\" data-e-type=\"widget\" data-widget_type=\"text-editor.default\">\n\t\t\t\t<div class=\"elementor-widget-container\">\n\t\t\t\t\t\t\t\t\t<p>La Coordinaci\u00f3n de Investigaci\u00f3n y Posgrado opera como una instancia de apoyo acad\u00e9mico-administrativo de la Divisi\u00f3n de Ciencias Sociales y Humanidades de la Universidad Aut\u00f3noma Metropolitana, Unidad Iztapalapa, y articula dos \u00e1mbitos esenciales:<\/p><ol><li><strong>Investigaci\u00f3n:<\/strong> la generaci\u00f3n de conocimiento cient\u00edfico, tecnol\u00f3gico y human\u00edstico que desarrolla la universidad.<\/li><li><strong>Posgrados:<\/strong> la oferta de estudios avanzados (maestr\u00edas y doctorados), su calidad, desarrollo y seguimiento acad\u00e9mico.<\/li><\/ol><p>Sus principales funciones son:<\/p><p><strong>1. Apoyar las tareas de planeaci\u00f3n y las actividades acad\u00e9micas\u00a0<\/strong><\/p><ul><li>En la gesti\u00f3n de las actividades administrativas y acad\u00e9micas de los posgrados que forman parte de la Divisi\u00f3n de CSH.<\/li><li>Participar en la elaboraci\u00f3n de planes de desarrollo institucional que fortalezcan la producci\u00f3n de conocimiento y la calidad acad\u00e9mica.<\/li><\/ul><p><strong>2. Apoyar las tareas de evaluaciones internas y extenas\u00a0<\/strong><\/p><ul><li>Coordinar y gestionar la informaci\u00f3n requerida por los evaluadores internos y externos.<\/li><li>Dar seguimiento al progreso de las trayectorias acad\u00e9micas de estudiantes de posgrado.\u00a0<\/li><\/ul><p><strong>3. Apoyo a la vinculaci\u00f3n acad\u00e9mica<\/strong><\/p><ul><li>Promover convenios, redes nacionales e internacionales y actividades que fortalezcan la presencia de la UAM en el \u00e1mbito acad\u00e9mico y cient\u00edfico.<\/li><li>Incentivar la participaci\u00f3n de estudiantes en eventos, proyectos de investigaci\u00f3n aplicada, movilidad y colaboraciones con otras instituciones.<\/li><\/ul>\t\t\t\t\t\t\t\t<\/div>\n\t\t\t\t<\/div>\n\t\t\t\t<div class=\"elementor-element elementor-element-cbcbc62 elementor-widget elementor-widget-spacer\" data-id=\"cbcbc62\" data-element_type=\"widget\" data-e-type=\"widget\" data-widget_type=\"spacer.default\">\n\t\t\t\t<div class=\"elementor-widget-container\">\n\t\t\t\t\t\t\t<div class=\"elementor-spacer\">\n\t\t\t<div class=\"elementor-spacer-inner\"><\/div>\n\t\t<\/div>\n\t\t\t\t\t\t<\/div>\n\t\t\t\t<\/div>\n\t\t\t\t<\/div>\n\t\t\t\t\t<\/div>\n\t\t\t\t<\/div>\n\t\t\t\t<\/div>\n\t\t","protected":false},"excerpt":{"rendered":"<p>Presentaci\u00f3n CIP La Coordinaci\u00f3n de Investigaci\u00f3n y Posgrado opera como una instancia de apoyo acad\u00e9mico-administrativo de la Divisi\u00f3n de Ciencias Sociales y Humanidades de la Universidad Aut\u00f3noma Metropolitana, Unidad Iztapalapa, y articula dos \u00e1mbitos esenciales: Investigaci\u00f3n: la generaci\u00f3n de conocimiento cient\u00edfico, tecnol\u00f3gico y human\u00edstico que desarrolla la universidad. Posgrados: la oferta de estudios avanzados (maestr\u00edas [&hellip;]<\/p>\n","protected":false},"author":5,"featured_media":0,"parent":95,"menu_order":0,"comment_status":"closed","ping_status":"closed","template":"","meta":{"_monsterinsights_skip_tracking":false,"_monsterinsights_sitenote_active":false,"_monsterinsights_sitenote_note":"","_monsterinsights_sitenote_category":0,"footnotes":""},"class_list":["post-98","page","type-page","status-publish","hentry"],"blocksy_meta":[],"_links":{"self":[{"href":"https:\/\/dcsh.izt.uam.mx\/coord_posgrados\/index.php\/wp-json\/wp\/v2\/pages\/98","targetHints":{"allow":["GET"]}}],"collection":[{"href":"https:\/\/dcsh.izt.uam.mx\/coord_posgrados\/index.php\/wp-json\/wp\/v2\/pages"}],"about":[{"href":"https:\/\/dcsh.izt.uam.mx\/coord_posgrados\/index.php\/wp-json\/wp\/v2\/types\/page"}],"author":[{"embeddable":true,"href":"https:\/\/dcsh.izt.uam.mx\/coord_posgrados\/index.php\/wp-json\/wp\/v2\/users\/5"}],"replies":[{"embeddable":true,"href":"https:\/\/dcsh.izt.uam.mx\/coord_posgrados\/index.php\/wp-json\/wp\/v2\/comments?post=98"}],"version-history":[{"count":28,"href":"https:\/\/dcsh.izt.uam.mx\/coord_posgrados\/index.php\/wp-json\/wp\/v2\/pages\/98\/revisions"}],"predecessor-version":[{"id":1138,"href":"https:\/\/dcsh.izt.uam.mx\/coord_posgrados\/index.php\/wp-json\/wp\/v2\/pages\/98\/revisions\/1138"}],"up":[{"embeddable":true,"href":"https:\/\/dcsh.izt.uam.mx\/coord_posgrados\/index.php\/wp-json\/wp\/v2\/pages\/95"}],"wp:attachment":[{"href":"https:\/\/dcsh.izt.uam.mx\/coord_posgrados\/index.php\/wp-json\/wp\/v2\/media?parent=98"}],"curies":[{"name":"wp","href":"https:\/\/api.w.org\/{rel}","templated":true}]}}