{"id":116,"date":"2024-01-27T06:15:56","date_gmt":"2024-01-27T05:15:56","guid":{"rendered":"https:\/\/dcsh.izt.uam.mx\/posgrado\/peo\/?page_id=116"},"modified":"2025-02-26T11:41:42","modified_gmt":"2025-02-26T17:41:42","slug":"procesos-administrativos","status":"publish","type":"page","link":"https:\/\/dcsh.izt.uam.mx\/posgrado\/peo\/index.php\/procesos-administrativos\/","title":{"rendered":"Procesos administrativos"},"content":{"rendered":"\t\t<div data-elementor-type=\"wp-page\" data-elementor-id=\"116\" class=\"elementor elementor-116\">\n\t\t\t\t<div class=\"elementor-element elementor-element-6eda970 e-con-full e-flex e-con e-parent\" data-id=\"6eda970\" data-element_type=\"container\" data-e-type=\"container\">\n\t\t\t\t<div class=\"elementor-element elementor-element-82d3322 elementor-widget elementor-widget-heading\" data-id=\"82d3322\" data-element_type=\"widget\" data-e-type=\"widget\" data-widget_type=\"heading.default\">\n\t\t\t\t<div class=\"elementor-widget-container\">\n\t\t\t\t\t<h4 class=\"elementor-heading-title elementor-size-default\">PROCESOS ADMINISTRATIVOS<\/h4>\t\t\t\t<\/div>\n\t\t\t\t<\/div>\n\t\t\t\t<\/div>\n\t\t<div class=\"elementor-element elementor-element-611885e e-con-full e-flex e-con e-parent\" data-id=\"611885e\" data-element_type=\"container\" data-e-type=\"container\">\n\t\t\t\t<div class=\"elementor-element elementor-element-fd69c7b elementor-widget elementor-widget-text-editor\" data-id=\"fd69c7b\" data-element_type=\"widget\" data-e-type=\"widget\" data-widget_type=\"text-editor.default\">\n\t\t\t\t<div class=\"elementor-widget-container\">\n\t\t\t\t\t\t\t\t\t<h5 class=\"text-info\"><span style=\"color: #0000ff;\">Admisi\u00f3n<\/span><\/h5><p class=\"text-justify\">Es el tr\u00e1mite que realiza el candidato conforme a las fechas se\u00f1aladas en la convocatoria para aspirar a realizar los estudios de Maestr\u00eda o Doctorado.<\/p><p><strong>Solicitud de admisi\u00f3n (Para documentos administrativos)<\/strong><\/p><p><strong><a class=\"link\" href=\"https:\/\/dcsh.izt.uam.mx\/posgrado\/peo\/wp-content\/uploads\/2024\/01\/FORMATO-solicitud-de-admision-a-estudios-de-posgrado.doc\" target=\"_blank\" rel=\"noopener\">Descargar<\/a><\/strong><\/p><p><strong>Instructivo para Revalidaci\u00f3n de Estudios realizados en el extranjero<\/strong><\/p><p><strong><a class=\"link\" href=\"https:\/\/dcsh.izt.uam.mx\/posgrado\/peo\/wp-content\/uploads\/2024\/01\/revalidacion.pdf\" target=\"_blank\" rel=\"noopener\">Descargar<\/a><\/strong><\/p><p class=\"text-justify\">Solicitud de ingreso (para documentos acad\u00e9micos).<\/p><p><strong><a class=\"link\" href=\"https:\/\/dcsh.izt.uam.mx\/posgrado\/peo\/wp-content\/uploads\/2024\/01\/Solicitud_de_ingreso_academica_5_AGOSTO.doc\" target=\"_blank\" rel=\"noopener\">Descargar<\/a><\/strong><\/p><p class=\"text-justify\">Para la realizaci\u00f3n de los tr\u00e1mites se recomienda consultar la p\u00e1gina de\u00a0<strong><a class=\"link\" href=\"https:\/\/www.cseuami.org\/\" target=\"_blank\" rel=\"noopener\">Servicios Escolares<\/a><\/strong><\/p><h5 class=\"text-info\"><span style=\"color: #0000ff;\">Inscripciones<\/span><\/h5><p class=\"text-justify\">Con este tr\u00e1mite se adquiere la calidad de alumno en la Universidad Aut\u00f3noma Metropolitana, una vez que ha sido admitido a trav\u00e9s de un proceso de selecci\u00f3n dentro del PEO.<\/p><p><strong>Proceso de inscripci\u00f3n<\/strong><\/p><p><strong><a class=\"link\" href=\"https:\/\/dcsh.izt.uam.mx\/posgrado\/peo\/wp-content\/uploads\/2024\/01\/Diagrama-inscripcion.pdf\" target=\"_blank\" rel=\"noopener\">Descargar<\/a><\/strong><\/p><p><strong>Formato de solicitud de UEA<\/strong><\/p><p class=\"text-justify\">Imprimir el formato de Solicitud de UEA llenarlo correctamente con las claves de las unidades de ense\u00f1anza aprendizaje consultar en Avisos del M\u00f3dulo de Informaci\u00f3n Escolar Posgrado. El coordinador de estudios te indicar\u00e1 las UEA que cursar\u00e1s en el primer trimestre.<\/p><p><strong><a class=\"link\" href=\"https:\/\/dcsh.izt.uam.mx\/posgrado\/peo\/wp-content\/uploads\/2024\/01\/FORMATO-Solicitud-de-uea-30-nov-formato.doc\" target=\"_blank\" rel=\"noopener\">Descargar<\/a><\/strong><\/p><p><strong>Comprobante de pago<\/strong><\/p><p class=\"text-justify\">El comprobante de pago se imprime desde el M\u00f3dulo de Informaci\u00f3n de Posgrado de Servicios Escolares.<\/p><p class=\"text-justify\">Para la realizaci\u00f3n de los tr\u00e1mites se recomienda consultar la p\u00e1gina de\u00a0<strong><a class=\"link\" href=\"https:\/\/www.cseuami.org\/\" target=\"_blank\" rel=\"noopener\">Servicios Escolares<\/a><\/strong><\/p><h5 class=\"text-info\"><span style=\"color: #0000ff;\">Beca para Posgrados adscritos al Sistema Nacional de Posgrados (SNP), en Categor\u00eda 1, elegible<\/span><\/h5><p class=\"text-justify\">Al pertenecer al Sistema Nacional de Posgrados (SNP), los alumnos del Programa de Posgrado en Estudios Organizacionales tienen posibilidad de postularse a la convocatoria emitida por la Secretar\u00eda de Ciencia, Humanidades, Tecnolog\u00eda e Innovaci\u00f3n (SECIHTI, antes CONACYT) Para conocer m\u00e1s al respecto se recomienda revisar las siguientes p\u00e1ginas:<\/p><ul><li><strong><a href=\"https:\/\/secihti.mx\/becas_posgrados\/\">https:\/\/secihti.mx\/becas_posgrados\/<\/a><\/strong><\/li><\/ul><p><strong>Tr\u00e1mite de la Carta de liberaci\u00f3n<\/strong><\/p><ul><li><strong><a href=\"https:\/\/secihti.mx\/servicios-en-linea\/tramites-de-conclusion-o-liberacion-de-becas\/\">https:\/\/secihti.mx\/servicios-en-linea\/tramites-de-conclusion-o-liberacion-de-becas\/<\/a><\/strong><\/li><\/ul><p><strong>Reglamento de becas<\/strong><\/p><p><strong><a class=\"link\" href=\"https:\/\/secihti.mx\/wp-content\/uploads\/becas_posgrados\/becas_nacionales\/guia_de_referencia\/2023\/Reglamento_Becas.pdf\" target=\"_blank\" rel=\"noopener\">Descargar<\/a><\/strong><\/p><p><strong>Formato de Evaluaci\u00f3n del desempe\u00f1o del becario<\/strong><\/p><p class=\"text-justify\">Este formato deber\u00e1 ser llenado por su tutor cada fin de trimestre y ser entregado en original en la Coordinaci\u00f3n de Posgrados de la DCSH y una copia en la Coordinaci\u00f3n del PEO.<\/p><p><strong><a class=\"link\" href=\"https:\/\/dcsh.izt.uam.mx\/posgrado\/peo\/wp-content\/uploads\/2024\/01\/Formato_Evaluacion_Desempeno_Becario.doc\" target=\"_blank\" rel=\"noopener\">Descargar<\/a><\/strong><\/p><p><strong>Recomendaciones para entregar informe CONACyT<\/strong><\/p><p><strong><a class=\"link\" href=\"https:\/\/dcsh.izt.uam.mx\/posgrado\/peo\/wp-content\/uploads\/2024\/01\/Recomendaciones-generales-para-llenado-del-formato-de-desempeno-Conacyt.pdf\" target=\"_blank\" rel=\"noopener\">Descargar<\/a><\/strong><\/p><h5 class=\"text-info\"><span style=\"color: #0000ff;\">Movilidad<\/span><\/h5><p class=\"text-justify\">Se exponen p\u00e1ginas en las que la Coordinaci\u00f3n General de Vinculaci\u00f3n y Desarrollo Institucional promueve las convocatorias de intercambio y la movilidad acad\u00e9mica con instituciones de educaci\u00f3n superior, nacionales y extranjeras.<\/p><p><strong>Convocatoria de Movilidad Nacional e Internacional para alumnos(as) de Posgrado<\/strong><\/p><p><strong><a class=\"link\" href=\"http:\/\/www.vinculacion.uam.mx\/index.php\/cooperacion-academica\/movilidad-internacional\/movilidad-internacional-alumnos-uam\/movilidad-internacional-alumnos-uam-posgrado\/97-movilidad-internacional-alumnos-uam-posgrado\" target=\"_blank\" rel=\"noopener\">Ir al sitio<\/a><\/strong><\/p><p><strong>Gu\u00eda de Movilidad<\/strong><\/p><p><strong><a class=\"link\" href=\"http:\/\/www.vinculacion.uam.mx\/index.php\/cooperacion-academica\/movilidad-internacional\/movilidad-internacional-alumnos-uam\/movilidad-internacional-alumnos-uam-posgrado\/97-movilidad-internacional-alumnos-uam-posgrado?showall=&amp;start=3\" target=\"_blank\" rel=\"noopener\">Ir al sitio<\/a><\/strong><\/p><h5 class=\"text-info\"><span style=\"color: #0000ff;\">Formato de avances y desempe\u00f1o trimestral<\/span><\/h5><p class=\"text-justify\">El formato tiene el objetivo de que la Comisi\u00f3n del Posgrado en Estudios Organizacionales conozca los avances y el desempe\u00f1o del alumnado cada trimestre, as\u00ed como su trayectoria acad\u00e9mica anualmente.<\/p><p><strong>Formato de avance y desempe\u00f1o trimestral<\/strong><\/p><p class=\"text-justify\">Este formato deber\u00e1 ser entregado en la Coordinaci\u00f3n del PEO con la firma del tutor de tesis, los avances y anexos respectivos previo a la reinscripci\u00f3n, de lo contrario no podr\u00e1 realizar el tr\u00e1mite de \u00e9sta \u00faltima.<\/p><p><strong><a class=\"link\" href=\"https:\/\/dcsh.izt.uam.mx\/posgrado\/peo\/wp-content\/uploads\/2024\/01\/FORMATOdeavanceydesempeniotrimestralPEO.docx\" target=\"_blank\" rel=\"noopener\">Descargar<\/a><\/strong><\/p><h5 class=\"text-info\"><span style=\"color: #0000ff;\">Obtenci\u00f3n del grado<\/span><\/h5><p class=\"text-justify\">Con este tr\u00e1mite se realiza la Solicitud de registro para la obtenci\u00f3n del grado acad\u00e9mico de maestr\u00eda o doctorado.<\/p><p><strong>Formato de registro para la obtenci\u00f3n del grado<\/strong><\/p><p><strong><a class=\"link\" href=\"https:\/\/dcsh.izt.uam.mx\/posgrado\/peo\/wp-content\/uploads\/2024\/01\/FORMATO-Solicitud-de-registro-para-obtencion-de-grado.doc\" target=\"_blank\" rel=\"noopener\">Descargar<\/a><\/strong><\/p><p><strong>Comprobante de pago en caja<\/strong><\/p><p><strong><a class=\"link\" href=\"https:\/\/dcsh.izt.uam.mx\/posgrado\/peo\/wp-content\/uploads\/2024\/01\/COMPROBANTE_DE_PAGO_EN_CAJA-formato.png\" target=\"_blank\" rel=\"noopener\">Descargar<\/a><\/strong><\/p><p class=\"text-justify\">Para la realizaci\u00f3n de los tr\u00e1mites se recomienda consultar la p\u00e1gina de\u00a0<strong><a class=\"link\" href=\"https:\/\/www.cseuami.org\/\" target=\"_blank\" rel=\"noopener\">Servicios Escolares<\/a><\/strong><\/p><h5 class=\"text-info\"><span style=\"color: #0000ff;\"><strong>Revisi\u00f3n de estudios<\/strong><\/span><\/h5><p><strong>Formato Revisi\u00f3n de Estudios de Posgrado<\/strong><\/p><p><strong><a class=\"link\" href=\"https:\/\/dcsh.izt.uam.mx\/posgrado\/peo\/wp-content\/uploads\/2024\/01\/FORMATO-Revision-de-estudios-de-posgrado.doc\" target=\"_blank\" rel=\"noopener\">Descargar<\/a><\/strong><\/p>\t\t\t\t\t\t\t\t<\/div>\n\t\t\t\t<\/div>\n\t\t\t\t<\/div>\n\t\t\t\t<\/div>\n\t\t","protected":false},"excerpt":{"rendered":"<p>PROCESOS ADMINISTRATIVOS Admisi\u00f3n Es el tr\u00e1mite que realiza el candidato conforme a las fechas se\u00f1aladas en la convocatoria para aspirar a realizar los estudios de Maestr\u00eda o Doctorado. Solicitud de admisi\u00f3n (Para documentos administrativos) Descargar Instructivo para Revalidaci\u00f3n de Estudios realizados en el extranjero Descargar Solicitud de ingreso (para documentos acad\u00e9micos). Descargar Para la realizaci\u00f3n [&hellip;]<\/p>\n","protected":false},"author":1,"featured_media":0,"parent":0,"menu_order":0,"comment_status":"closed","ping_status":"closed","template":"","meta":{"footnotes":""},"class_list":["post-116","page","type-page","status-publish","hentry"],"blocksy_meta":[],"_links":{"self":[{"href":"https:\/\/dcsh.izt.uam.mx\/posgrado\/peo\/index.php\/wp-json\/wp\/v2\/pages\/116","targetHints":{"allow":["GET"]}}],"collection":[{"href":"https:\/\/dcsh.izt.uam.mx\/posgrado\/peo\/index.php\/wp-json\/wp\/v2\/pages"}],"about":[{"href":"https:\/\/dcsh.izt.uam.mx\/posgrado\/peo\/index.php\/wp-json\/wp\/v2\/types\/page"}],"author":[{"embeddable":true,"href":"https:\/\/dcsh.izt.uam.mx\/posgrado\/peo\/index.php\/wp-json\/wp\/v2\/users\/1"}],"replies":[{"embeddable":true,"href":"https:\/\/dcsh.izt.uam.mx\/posgrado\/peo\/index.php\/wp-json\/wp\/v2\/comments?post=116"}],"version-history":[{"count":21,"href":"https:\/\/dcsh.izt.uam.mx\/posgrado\/peo\/index.php\/wp-json\/wp\/v2\/pages\/116\/revisions"}],"predecessor-version":[{"id":3541,"href":"https:\/\/dcsh.izt.uam.mx\/posgrado\/peo\/index.php\/wp-json\/wp\/v2\/pages\/116\/revisions\/3541"}],"wp:attachment":[{"href":"https:\/\/dcsh.izt.uam.mx\/posgrado\/peo\/index.php\/wp-json\/wp\/v2\/media?parent=116"}],"curies":[{"name":"wp","href":"https:\/\/api.w.org\/{rel}","templated":true}]}}