{"id":473,"date":"2024-01-29T08:11:54","date_gmt":"2024-01-29T07:11:54","guid":{"rendered":"https:\/\/dcsh.izt.uam.mx\/posgrado\/peo\/?page_id=473"},"modified":"2024-01-29T08:16:54","modified_gmt":"2024-01-29T07:16:54","slug":"produccion-academica","status":"publish","type":"page","link":"https:\/\/dcsh.izt.uam.mx\/posgrado\/peo\/index.php\/produccion-academica\/","title":{"rendered":"Producci\u00f3n Acad\u00e9mica"},"content":{"rendered":"\t\t<div data-elementor-type=\"wp-page\" data-elementor-id=\"473\" class=\"elementor elementor-473\">\n\t\t\t\t<div class=\"elementor-element elementor-element-6eda970 e-con-full e-flex e-con e-parent\" data-id=\"6eda970\" data-element_type=\"container\" data-e-type=\"container\">\n\t\t\t\t<div class=\"elementor-element elementor-element-82d3322 elementor-widget elementor-widget-heading\" data-id=\"82d3322\" data-element_type=\"widget\" data-e-type=\"widget\" data-widget_type=\"heading.default\">\n\t\t\t\t<div class=\"elementor-widget-container\">\n\t\t\t\t\t<h4 class=\"elementor-heading-title elementor-size-default\">PRODUCCI\u00d3N ACAD\u00c9MICA<\/h4>\t\t\t\t<\/div>\n\t\t\t\t<\/div>\n\t\t\t\t<\/div>\n\t\t<div class=\"elementor-element elementor-element-611885e e-con-full e-flex e-con e-parent\" data-id=\"611885e\" data-element_type=\"container\" data-e-type=\"container\">\n\t\t\t\t<div class=\"elementor-element elementor-element-fd69c7b elementor-widget elementor-widget-text-editor\" data-id=\"fd69c7b\" data-element_type=\"widget\" data-e-type=\"widget\" data-widget_type=\"text-editor.default\">\n\t\t\t\t<div class=\"elementor-widget-container\">\n\t\t\t\t\t\t\t\t\t<h5 class=\"text-primary font-weight-bold\"><span style=\"color: #0000ff;\">Producci\u00f3n acad\u00e9mica egresados<\/span><\/h5><h6 class=\"text-info\"><span style=\"color: #0000ff;\"><strong>Tesis<\/strong><\/span><\/h6><p class=\"text-justify\">Para consultar las tesis de nuestros egresados, puede ir al sitio de la Colecci\u00f3n de Tesis Electr\u00f3nicas \u00abTESIUAMI\u00bb en la siguiente direcci\u00f3n.<\/p><p><strong><a class=\"link\" href=\"http:\/\/tesiuami.izt.uam.mx\/uam\/default2.php\" target=\"_blank\" rel=\"noopener\">http:\/\/tesiuami.izt.uam.mx\/uam\/default2.php<\/a><\/strong><\/p><p><span style=\"color: #000000;\"><strong>Tesis de egresados publicadas<\/strong><\/span><\/p><p><strong><a class=\"link\" href=\"https:\/\/dcsh.izt.uam.mx\/posgrado\/peo\/wp-content\/uploads\/2024\/01\/Tesis-publicadas.pdf\" target=\"_blank\" rel=\"noopener\">Descargar<\/a><\/strong><\/p><h6 class=\"text-info\"><span style=\"color: #0000ff;\">Recomendaciones editoriales de la comunidad del posgrado.<\/span><\/h6><p class=\"text-justify\">Algunas obras de la producci\u00f3n editorial elaboradas por nuestros profesores, alumnos y egresados en las que exponen sus resultados de investigaci\u00f3n en el campo de estudio de lo organizacional.<\/p><h6 class=\"text-info\"><span style=\"color: #0000ff;\">Producci\u00f3n editorial 2014-2018<\/span><\/h6><p><strong><a class=\"link\" href=\"https:\/\/dcsh.izt.uam.mx\/posgrado\/peo\/wp-content\/uploads\/2024\/01\/Produccion-academica-1.pdf\" target=\"_blank\" rel=\"noopener\">Descargar<\/a><\/strong><\/p><h6 class=\"text-info\"><span style=\"color: #0000ff;\">Producci\u00f3n editorial (Hist\u00f3rico)<\/span><\/h6><p><strong><a class=\"link\" href=\"https:\/\/dcsh.izt.uam.mx\/posgrado\/peo\/wp-content\/uploads\/2024\/01\/Recomendaciones-editoriales-Historico.pdf\" target=\"_blank\" rel=\"noopener\">Descargar<\/a><\/strong><\/p>\t\t\t\t\t\t\t\t<\/div>\n\t\t\t\t<\/div>\n\t\t\t\t<\/div>\n\t\t\t\t<\/div>\n\t\t","protected":false},"excerpt":{"rendered":"<p>PRODUCCI\u00d3N ACAD\u00c9MICA Producci\u00f3n acad\u00e9mica egresados Tesis Para consultar las tesis de nuestros egresados, puede ir al sitio de la Colecci\u00f3n de Tesis Electr\u00f3nicas \u00abTESIUAMI\u00bb en la siguiente direcci\u00f3n. http:\/\/tesiuami.izt.uam.mx\/uam\/default2.php Tesis de egresados publicadas Descargar Recomendaciones editoriales de la comunidad del posgrado. Algunas obras de la producci\u00f3n editorial elaboradas por nuestros profesores, alumnos y egresados en [&hellip;]<\/p>\n","protected":false},"author":1,"featured_media":0,"parent":0,"menu_order":0,"comment_status":"closed","ping_status":"closed","template":"","meta":{"footnotes":""},"class_list":["post-473","page","type-page","status-publish","hentry"],"blocksy_meta":[],"_links":{"self":[{"href":"https:\/\/dcsh.izt.uam.mx\/posgrado\/peo\/index.php\/wp-json\/wp\/v2\/pages\/473","targetHints":{"allow":["GET"]}}],"collection":[{"href":"https:\/\/dcsh.izt.uam.mx\/posgrado\/peo\/index.php\/wp-json\/wp\/v2\/pages"}],"about":[{"href":"https:\/\/dcsh.izt.uam.mx\/posgrado\/peo\/index.php\/wp-json\/wp\/v2\/types\/page"}],"author":[{"embeddable":true,"href":"https:\/\/dcsh.izt.uam.mx\/posgrado\/peo\/index.php\/wp-json\/wp\/v2\/users\/1"}],"replies":[{"embeddable":true,"href":"https:\/\/dcsh.izt.uam.mx\/posgrado\/peo\/index.php\/wp-json\/wp\/v2\/comments?post=473"}],"version-history":[{"count":0,"href":"https:\/\/dcsh.izt.uam.mx\/posgrado\/peo\/index.php\/wp-json\/wp\/v2\/pages\/473\/revisions"}],"wp:attachment":[{"href":"https:\/\/dcsh.izt.uam.mx\/posgrado\/peo\/index.php\/wp-json\/wp\/v2\/media?parent=473"}],"curies":[{"name":"wp","href":"https:\/\/api.w.org\/{rel}","templated":true}]}}