{"id":482,"date":"2024-01-29T01:25:53","date_gmt":"2024-01-29T07:25:53","guid":{"rendered":"https:\/\/dcsh.izt.uam.mx\/posgrado\/peo\/?page_id=482"},"modified":"2024-01-29T01:39:52","modified_gmt":"2024-01-29T07:39:52","slug":"vinculacion-academica","status":"publish","type":"page","link":"https:\/\/dcsh.izt.uam.mx\/posgrado\/peo\/index.php\/vinculacion-academica\/","title":{"rendered":"Vinculaci\u00f3n Acad\u00e9mica"},"content":{"rendered":"\t\t<div data-elementor-type=\"wp-page\" data-elementor-id=\"482\" class=\"elementor elementor-482\">\n\t\t\t\t<div class=\"elementor-element elementor-element-6eda970 e-con-full e-flex e-con e-parent\" data-id=\"6eda970\" data-element_type=\"container\" data-e-type=\"container\">\n\t\t\t\t<div class=\"elementor-element elementor-element-82d3322 elementor-widget elementor-widget-heading\" data-id=\"82d3322\" data-element_type=\"widget\" data-e-type=\"widget\" data-widget_type=\"heading.default\">\n\t\t\t\t<div class=\"elementor-widget-container\">\n\t\t\t\t\t<h4 class=\"elementor-heading-title elementor-size-default\">VINCULACI\u00d3N ACAD\u00c9MICA<\/h4>\t\t\t\t<\/div>\n\t\t\t\t<\/div>\n\t\t\t\t<\/div>\n\t\t<div class=\"elementor-element elementor-element-611885e e-con-full e-flex e-con e-parent\" data-id=\"611885e\" data-element_type=\"container\" data-e-type=\"container\">\n\t\t\t\t<div class=\"elementor-element elementor-element-fd69c7b elementor-widget elementor-widget-text-editor\" data-id=\"fd69c7b\" data-element_type=\"widget\" data-e-type=\"widget\" data-widget_type=\"text-editor.default\">\n\t\t\t\t<div class=\"elementor-widget-container\">\n\t\t\t\t\t\t\t\t\t<p class=\"text-justify\">Los principales resultados de la vinculaci\u00f3n en los \u00faltimos a\u00f1os del Programa de Posgrado en Estudios Organizacionales (PPEO) se presentan en los siguientes seis apartados.<\/p><p><strong>1. Convenios de cooperaci\u00f3n acad\u00e9mica con Instituciones de Educaci\u00f3n Superior de M\u00e9xico y del extranjero<\/strong><\/p><p class=\"text-justify\">Durante sus 23 a\u00f1os de existencia ha sido importante para el desarrollo y consolidaci\u00f3n del PPEO el establecimiento de convenios de cooperaci\u00f3n acad\u00e9mica con Instituciones de Educaci\u00f3n Superior (IES) de M\u00e9xico y el extranjero. Durante ese periodo se establecieron v\u00ednculos con el CIDE, el ITESM, la HEC Montreal, el Centre de Recherche en Gestion de l\u2019Ecole Politechnique, la Universit\u00e9 de Lyon 3 Jean Moulin, la University of Massachusetts, entre otras IES. En a\u00f1os recientes, en el \u00e1mbito Internacional, el inter\u00e9s de la vinculaci\u00f3n se ha enfocado especialmente hacia las IES de Am\u00e9rica Latina. Como resultado de ello se encuentran los convenios que han permitido la movilidad de estudiantes y profesores, proyectos editoriales y organizaci\u00f3n de eventos acad\u00e9micos con la Instituci\u00f3n Universitaria Colegio Mayor de Antioqu\u00eda (2017), la Instituci\u00f3n Universitaria Pascual Bravo (2017), la Universidad del Valle de Cali Colombia (2017), la Universidad EAFIT de Medell\u00edn (Renovaci\u00f3n en 2016) y la Universidad de Manizales (2014). Adem\u00e1s, se ha contribuido con base en un convenio espec\u00edfico de colaboraci\u00f3n con la Instituci\u00f3n Universitaria Colegio Mayor de Antioquia suscrito en 2017, a la creaci\u00f3n de la Maestr\u00eda en Alta Direcci\u00f3n de las Organizaciones en esa instituci\u00f3n. Cabe mencionar tambi\u00e9n que entre los resultados de las relaciones generadas con diversas universidades se ha logrado la movilidad internacional de los estudiantes principalmente en pa\u00edses como Colombia, Brasil, Canad\u00e1, Jap\u00f3n y Estados Unidos.<\/p><p><strong>2. Colaboraci\u00f3n e impacto editorial<\/strong><\/p><p class=\"text-justify\">Como un resultado del convenio con la Universidad EAFIT, Colombia, se public\u00f3 en 2017 el Tratado de Estudios Organizacionales Volumen 1, obra de gran envergadura para el campo disciplinar en los pa\u00edses de habla hispana que permite establecer puentes te\u00f3rico-metodol\u00f3gicos para consolidar el campo de estudio de las organizaciones en pa\u00edses de Am\u00e9rica Latina. Asimismo, mediante el convenio del Programa de Posgrado en Estudios Organizacionales (PPEO) con la Red Mexicana de Investigadores en Estudios Organizacionales (REMINEO), se generaron los siguientes espacios editoriales donde alumnos y profesores publican los resultados de sus investigaciones: La Revista An\u00e1lisis Organizacional, la colecci\u00f3n de libros electr\u00f3nicos Documentos de Posgrado. Estudios Organizacionales (2017), y la colecci\u00f3n de 12 libros Diversidad y complejidad organizacional en Am\u00e9rica Latina. Perspectivas de An\u00e1lisis (2017). Adem\u00e1s, como beneficio obtenido de la colaboraci\u00f3n del PPEO con la Red de Posgrados de Investigaci\u00f3n Latinos en Administraci\u00f3n y Estudios Organizacionales (Red Pilares), la REMINEO y la Sociedad Brasile\u00f1a de Estudios Organizacionales (SBEO), est\u00e1 en proceso editorial un n\u00famero tem\u00e1tico de la Revista Brasile\u00f1a de Estudios Organizacionales (2018) denominado \u201cEl campo de los Estudios Organizacionales en Nuestra Am\u00e9rica\u201d, en el que se expresa la necesidad de compartir la visi\u00f3n de los estudios organizacionales en Latinoam\u00e9rica. Por \u00faltimo, cabe destacar la convocatoria a una Secci\u00f3n Tem\u00e1tica: Estudios Organizacionales en Latinoam\u00e9rica: Oportunidades, perspectivas y proyecciones, de la revista Psicoperspectivas Individuo y Sociedad, la cual es editada por la Escuela de Psicolog\u00eda de la Pontificia Universidad Cat\u00f3lica de Valpara\u00edso, Chile.<\/p><p><strong>3. Participaci\u00f3n acad\u00e9mica<\/strong><\/p><p class=\"text-justify\">Desde 2014, se impartieron 13 conferencias a alumnos del PPEO por profesores de IES de M\u00e9xico y el extranjero. De igual forma, profesores del N\u00facleo Acad\u00e9mico B\u00e1sico (NAB) en el marco de los convenios de cooperaci\u00f3n antes se\u00f1alados con universidades colombianas, han impartido conferencias, dictado seminarios, y participado en evaluaciones de avances de proyectos de investigaci\u00f3n. Asimismo, profesores del NAB se han desempe\u00f1ado como jurado en la defensa de tesis de doctorales y como integrantes de proyectos de investigaci\u00f3n conjunta en las instituciones receptoras. Se realizaron adem\u00e1s nueve estancias acad\u00e9micas en el PPEO por parte de profesores de universidades colombianas en 2016 y 2017 respectivamente.<\/p><p><strong>4. Apoyo a otros programas de Posgrado<\/strong><\/p><p class=\"text-justify\">Los profesores del NAB del PPEO han impartido programas especiales de doctorado a profesores de tiempo completo provenientes de otros estados, lo cual representa una actividad distintiva del PPEO. De 2000 a la fecha, se han impartido 11 programas especiales para profesores provenientes de IES mexicanas como la UJAT, la UDO, la UAQ, la UGTO, la UQROO, la UNACH, por mencionar algunas.<\/p><p><strong>5. Impulso a la formaci\u00f3n de grupos de investigaci\u00f3n en an\u00e1lisis organizacional<\/strong><\/p><p class=\"text-justify\">A lo largo de los a\u00f1os, los egresados del PPEO han sido los principales medios de difusi\u00f3n del conocimiento organizacional en sus IES de adscripci\u00f3n. Entre las contribuciones de los egresados del PPEO se destacan la creaci\u00f3n de 6 nodos (grupos) de investigaci\u00f3n al interior de la REMINEO y la creaci\u00f3n de diversos programas de posgrado, como lo son el Doctorado en Administraci\u00f3n y el Doctorado en Administraci\u00f3n Tur\u00edstica en la Universidad de Occidente, y la Maestr\u00eda en Gesti\u00f3n y Desarrollo Empresarial en la Universidad de Quintana Roo.<\/p><p><strong>6. Convenios de cooperaci\u00f3n con otros sectores de la sociedad<\/strong><\/p><p class=\"text-justify\">Estas acciones se han llevado a cabo con la colaboraci\u00f3n del NAB y alumnos de la PPEO. A trav\u00e9s de estas acciones se procura impulsar cambios organizacionales mediante la participaci\u00f3n de los actores sociales interesados. La m\u00e1s reciente colaboraci\u00f3n del PPEO con otros sectores de la sociedad surge en 2015 con el Municipio de Chiquihuitl\u00e1n de Benito Ju\u00e1rez, Oaxaca, donde se tuvo la coordinaci\u00f3n de programas de trabajo; tambi\u00e9n en 2015 se suscribi\u00f3 un convenio de colaboraci\u00f3n con el Municipio de San Pablo Macuiltianguis, Oaxaca, dando como resultado la elaboraci\u00f3n del Plan Municipal de Desarrollo (PMD) 2017-2019. En s\u00edntesis, los convenios de cooperaci\u00f3n han tra\u00eddo resultados de movilidad de estudiantes y profesores. Se tienen contabilizadas desde 2012, 13 movilidades de alumnos del DEO a IES internacionales como EAFIT, Universidad de Manizales, Paris-Dauphine, University of New M\u00e9xico y Universidad de Murcia. En el caso de los profesores del NAB, se documentan 17 participaciones que van desde conferencias, seminarios e impartici\u00f3n de cursos hasta estancias de investigaci\u00f3n en IES de Colombia. Finalmente, gracias a la integraci\u00f3n de la REMINEO en 2004 y a la de la Red PILARES en 2008, se han llevado a cabo diversos congresos y coloquios con participaci\u00f3n relevante de la comunidad estudiantil y docente del PPEO. La REMINEO organiza dos eventos anuales y la Red Pilares un evento bienal. Estos encuentros acad\u00e9micos han fortalecido la investigaci\u00f3n en estudios organizacionales a lo largo de Am\u00e9rica Latina y han sido un espacio id\u00f3neo para que alumnos y profesores del PPEO presenten los resultados de sus investigaciones.<\/p>\t\t\t\t\t\t\t\t<\/div>\n\t\t\t\t<\/div>\n\t\t\t\t<div class=\"elementor-element elementor-element-1884fdf elementor-widget elementor-widget-text-editor\" data-id=\"1884fdf\" data-element_type=\"widget\" data-e-type=\"widget\" data-widget_type=\"text-editor.default\">\n\t\t\t\t<div class=\"elementor-widget-container\">\n\t\t\t\t\t\t\t\t\t<h6 class=\"text-info\"><span style=\"color: #0000ff;\"><strong>Convenios con otros sectores<\/strong><\/span><\/h6><p><strong><a class=\"link\" href=\"https:\/\/dcsh.izt.uam.mx\/posgrado\/peo\/wp-content\/uploads\/2024\/01\/Convenios-de-cooperacion-otros-sectores.pdf\" target=\"_blank\" rel=\"noopener\">Descargar<\/a><\/strong><\/p><h6 class=\"text-info\"><span style=\"color: #0000ff;\"><strong>Programas especiales de IES<\/strong><\/span><\/h6><p><strong>Programas especiales de maestr\u00eda y doctorado a profesores de tiempo completo<\/strong><\/p><p><strong><a class=\"link\" href=\"https:\/\/dcsh.izt.uam.mx\/posgrado\/peo\/wp-content\/uploads\/2024\/01\/Programas-Especiales.pdf\" target=\"_blank\" rel=\"noopener\">Descargar<\/a><\/strong><\/p><h6 class=\"text-info\"><span style=\"color: #0000ff;\"><strong>Convenios<\/strong><\/span><\/h6><p class=\"text-justify\">Convenios de cooperaci\u00f3n con Institucionales Nacionales y en el Extranjero.<\/p><p><strong><a class=\"link\" href=\"https:\/\/dcsh.izt.uam.mx\/posgrado\/peo\/wp-content\/uploads\/2024\/01\/Convenios-de-cooperacion-IES.pdf\" target=\"_blank\" rel=\"noopener\">Descargar<\/a><\/strong><\/p><h6><span style=\"color: #0000ff;\"><strong>Algunos casos de movilidad<\/strong><\/span><\/h6><p class=\"text-justify\">Movilidad, UJAT-M\u00e9xico.<\/p><p><strong><a class=\"link\" href=\"https:\/\/dcsh.izt.uam.mx\/posgrado\/peo\/wp-content\/uploads\/2024\/01\/UJAT-Mexico.pdf\" target=\"_blank\" rel=\"noopener\">Descargar<\/a><\/strong><\/p><p class=\"text-justify\">Movilidad Universidad de EAFIT, Colombia.<\/p><p><strong><a class=\"link\" href=\"https:\/\/dcsh.izt.uam.mx\/posgrado\/peo\/wp-content\/uploads\/2024\/01\/EAFIT-Medellin-Colombia.pdf\" target=\"_blank\" rel=\"noopener\">Descargar<\/a><\/strong><\/p><p class=\"text-justify\">Movilidad Universidad Pontificia Bolivariana, Colombia.<\/p><p><strong><a class=\"link\" href=\"https:\/\/dcsh.izt.uam.mx\/posgrado\/peo\/wp-content\/uploads\/2024\/01\/Universidad-Pontificia-Bolivariana-Colombia.pdf\" target=\"_blank\" rel=\"noopener\">Descargar<\/a><\/strong><\/p><p class=\"text-justify\">Estancia de Investigaci\u00f3n Universidad de R\u00edo Grande, Brasil.<\/p><p><strong><a class=\"link\" href=\"https:\/\/dcsh.izt.uam.mx\/posgrado\/peo\/wp-content\/uploads\/2024\/01\/Universidad-Federal-de-Rio-Grande-Brasil.pdf\" target=\"_blank\" rel=\"noopener\">Descargar<\/a><\/strong><\/p><p class=\"text-justify\">Estancia de Investigaci\u00f3n Universidad de Murcia, Espa\u00f1a.<\/p><p><strong><a class=\"link\" href=\"https:\/\/dcsh.izt.uam.mx\/posgrado\/peo\/wp-content\/uploads\/2024\/01\/Universidad-de-Murcia-Espana.pdf\" target=\"_blank\" rel=\"noopener\">Descargar<\/a><\/strong><\/p><p class=\"text-justify\">Estancia de Investigaci\u00f3n Universidad de Paris Dauphine, Francia.<\/p><p><strong><a class=\"link\" href=\"https:\/\/dcsh.izt.uam.mx\/posgrado\/peo\/wp-content\/uploads\/2024\/01\/Universidad-Paris-Dauphine-Francia.pdf\" target=\"_blank\" rel=\"noopener\">Descargar<\/a><\/strong><\/p><p class=\"text-justify\">Estancia de Investigaci\u00f3n Tsuda College, Jap\u00f3n.<\/p><p><strong><a class=\"link\" href=\"https:\/\/dcsh.izt.uam.mx\/posgrado\/peo\/wp-content\/uploads\/2024\/01\/Tsuda-College-Japon.pdf\" target=\"_blank\" rel=\"noopener\">Descargar<\/a><\/strong><\/p><p class=\"text-justify\">Programa de trabajo para la estancia HEC Canad\u00e1 de alumno de PEO.<\/p><p><strong><a class=\"link\" href=\"https:\/\/dcsh.izt.uam.mx\/posgrado\/peo\/wp-content\/uploads\/2024\/01\/Caso_estancia_HEC_Montreal.pdf\" target=\"_blank\" rel=\"noopener\">Descargar<\/a><\/strong><\/p><p class=\"text-justify\">Constancia de agradecimiento por estancia corta en el PEO de alumnos de la UAEM.<\/p><p><strong><a class=\"link\" href=\"https:\/\/dcsh.izt.uam.mx\/posgrado\/peo\/wp-content\/uploads\/2024\/01\/constanciaorganizacionalesxalostoc.pdf\" target=\"_blank\" rel=\"noopener\">Descargar<\/a><\/strong><\/p>\t\t\t\t\t\t\t\t<\/div>\n\t\t\t\t<\/div>\n\t\t\t\t<\/div>\n\t\t\t\t<\/div>\n\t\t","protected":false},"excerpt":{"rendered":"<p>VINCULACI\u00d3N ACAD\u00c9MICA Los principales resultados de la vinculaci\u00f3n en los \u00faltimos a\u00f1os del Programa de Posgrado en Estudios Organizacionales (PPEO) se presentan en los siguientes seis apartados. 1. Convenios de cooperaci\u00f3n acad\u00e9mica con Instituciones de Educaci\u00f3n Superior de M\u00e9xico y del extranjero Durante sus 23 a\u00f1os de existencia ha sido importante para el desarrollo y [&hellip;]<\/p>\n","protected":false},"author":1,"featured_media":0,"parent":0,"menu_order":0,"comment_status":"closed","ping_status":"closed","template":"","meta":{"footnotes":""},"class_list":["post-482","page","type-page","status-publish","hentry"],"blocksy_meta":[],"_links":{"self":[{"href":"https:\/\/dcsh.izt.uam.mx\/posgrado\/peo\/index.php\/wp-json\/wp\/v2\/pages\/482","targetHints":{"allow":["GET"]}}],"collection":[{"href":"https:\/\/dcsh.izt.uam.mx\/posgrado\/peo\/index.php\/wp-json\/wp\/v2\/pages"}],"about":[{"href":"https:\/\/dcsh.izt.uam.mx\/posgrado\/peo\/index.php\/wp-json\/wp\/v2\/types\/page"}],"author":[{"embeddable":true,"href":"https:\/\/dcsh.izt.uam.mx\/posgrado\/peo\/index.php\/wp-json\/wp\/v2\/users\/1"}],"replies":[{"embeddable":true,"href":"https:\/\/dcsh.izt.uam.mx\/posgrado\/peo\/index.php\/wp-json\/wp\/v2\/comments?post=482"}],"version-history":[{"count":0,"href":"https:\/\/dcsh.izt.uam.mx\/posgrado\/peo\/index.php\/wp-json\/wp\/v2\/pages\/482\/revisions"}],"wp:attachment":[{"href":"https:\/\/dcsh.izt.uam.mx\/posgrado\/peo\/index.php\/wp-json\/wp\/v2\/media?parent=482"}],"curies":[{"name":"wp","href":"https:\/\/api.w.org\/{rel}","templated":true}]}}