{"id":506,"date":"2024-01-29T01:42:49","date_gmt":"2024-01-29T07:42:49","guid":{"rendered":"https:\/\/dcsh.izt.uam.mx\/posgrado\/peo\/?page_id=506"},"modified":"2024-01-29T01:49:15","modified_gmt":"2024-01-29T07:49:15","slug":"vinculacion-e-impacto-social","status":"publish","type":"page","link":"https:\/\/dcsh.izt.uam.mx\/posgrado\/peo\/index.php\/vinculacion-e-impacto-social\/","title":{"rendered":"Vinculaci\u00f3n e Impacto Social"},"content":{"rendered":"\t\t<div data-elementor-type=\"wp-page\" data-elementor-id=\"506\" class=\"elementor elementor-506\">\n\t\t\t\t<div class=\"elementor-element elementor-element-6eda970 e-con-full e-flex e-con e-parent\" data-id=\"6eda970\" data-element_type=\"container\" data-e-type=\"container\">\n\t\t\t\t<div class=\"elementor-element elementor-element-82d3322 elementor-widget elementor-widget-heading\" data-id=\"82d3322\" data-element_type=\"widget\" data-e-type=\"widget\" data-widget_type=\"heading.default\">\n\t\t\t\t<div class=\"elementor-widget-container\">\n\t\t\t\t\t<h4 class=\"elementor-heading-title elementor-size-default\">VINCULACI\u00d3N CON OTROS SECTORES DE LA SOCIEDAD<\/h4>\t\t\t\t<\/div>\n\t\t\t\t<\/div>\n\t\t\t\t<\/div>\n\t\t<div class=\"elementor-element elementor-element-611885e e-con-full e-flex e-con e-parent\" data-id=\"611885e\" data-element_type=\"container\" data-e-type=\"container\">\n\t\t\t\t<div class=\"elementor-element elementor-element-fd69c7b elementor-widget elementor-widget-text-editor\" data-id=\"fd69c7b\" data-element_type=\"widget\" data-e-type=\"widget\" data-widget_type=\"text-editor.default\">\n\t\t\t\t<div class=\"elementor-widget-container\">\n\t\t\t\t\t\t\t\t\t<p class=\"text-justify\">El impacto del PPEO se constata con mayor claridad a partir del desenvolvimiento de los egresados en la sociedad, y las contribuciones en t\u00e9rminos de conocimiento en el marco de las Ciencias Sociales. A continuaci\u00f3n, se exponen algunos de estos beneficios en t\u00e9rminos de impacto, con la finalidad de hacer evidente la evoluci\u00f3n satisfactoria del PPEO a lo largo de sus 23 a\u00f1os de operaci\u00f3n.<\/p><p><strong>1) Desempe\u00f1o de los egresados<\/strong><\/p><p class=\"text-justify\">En cuanto a las caracter\u00edsticas de los egresados, su perfil es coincidente con lo detallado en el Plan de Estudios. En dicho documento se establece que el egresado del PPEO debe tener un alto nivel de conocimiento de las corrientes te\u00f3ricas de los Estudios Organizacionales, as\u00ed como de sus fundamentos epistemol\u00f3gicos; habilidad para identificar y analizar problemas organizacionales; capacidad para realizar diagn\u00f3sticos y dise\u00f1os organizacionales orientados a la soluci\u00f3n de problemas; capacidad para realizar an\u00e1lisis estrat\u00e9gico de las organizaciones haciendo expl\u00edcitos y justificando los supuestos y modelos te\u00f3rico-metodol\u00f3gicos empleados; capacidad de an\u00e1lisis de escenarios organizacionales bajo una perspectiva sustentable, social y \u00e9tica; y, habilidad para comunicar de manera estructurada resultados de investigaci\u00f3n.<\/p><p><strong>2) Reconocimiento acad\u00e9mico de los egresados en el Sistema Nacional de Investigadores<\/strong><\/p><p class=\"text-justify\">Un n\u00famero importante de egresados del PPEO actualmente se encuentran adscritos al Sistema Nacional de Investigadores (SNI). Tales egresados laboran en instituciones de educaci\u00f3n superior (IES) distribuidas en diferentes estados de la Rep\u00fablica Mexicana, como lo son: El Colegio de San Luis, en San Luis Potos\u00ed; la Universidad Veracruzana en Veracruz; la Universidad de Guanajuato, en Guanajuato; el Centro de Investigaci\u00f3n e Innovaci\u00f3n en Tecnolog\u00edas de la Informaci\u00f3n y Comunicaci\u00f3n (INFOTEC) y la Universidad Aut\u00f3noma Metropolitana, ambos situados en la Ciudad de M\u00e9xico.<\/p><p><strong>3) Demanda laboral de los egresados en diversos sectores de la sociedad<\/strong><\/p><p class=\"text-justify\">La principal demanda laboral de nuestros egresados del PPEO procede de las Instituciones de Educaci\u00f3n Superior (IES) p\u00fablicas y privadas, lo cual es congruente con la orientaci\u00f3n a la investigaci\u00f3n. No obstante, algunos de nuestros egresados tambi\u00e9n se han insertado en otro tipo de organizaciones empresariales, de la sociedad civil y gubernamentales.<\/p><p class=\"text-justify\">Diversas son las disciplinas de origen de nuestros estudiantes (administradores, psic\u00f3logos, polit\u00f3logos, economistas, soci\u00f3logos, comunic\u00f3logos, ingenieros, etc\u00e9tera); al egresar de este programa su formaci\u00f3n originaria es complementada con la perspectiva organizacional. Las instituciones interesadas ven en los egresados del PPEO a un investigador y\/o profesional del an\u00e1lisis de la problem\u00e1tica organizacional, con capacidad para realizar diagn\u00f3sticos y dise\u00f1os organizacionales orientados a la soluci\u00f3n de problemas, as\u00ed como para realizar an\u00e1lisis estrat\u00e9gico de las organizaciones haciendo expl\u00edcitos y justificando los supuestos y modelos te\u00f3rico-metodol\u00f3gicos empleados. Adem\u00e1s, los egresados son capaces de transmitir conocimiento mediante la labor de la docencia.<\/p><p><strong>4) Contribuci\u00f3n de los egresados a la formaci\u00f3n de cuerpos acad\u00e9micos y nodos de investigaci\u00f3n en an\u00e1lisis organizacional<\/strong><\/p><p class=\"text-justify\">El posgrado ha impulsado mediante sus egresados y profesores, la formaci\u00f3n de grupos de investigaci\u00f3n sobre temas espec\u00edficos en an\u00e1lisis organizacional, grupos integrados por acad\u00e9micos e investigadores de distintas IES, donde los alumnos del PPEO participan activamente. Lo relevante de ello es que, a diferencia de otras latitudes \u2013sobre todo en Estados Unidos, Europa y Asia\u2013, antes de la creaci\u00f3n del PPEO no exist\u00edan en M\u00e9xico \u2013a excepci\u00f3n de la UAM-I\u2013grupos, cuerpos, departamentos y posgrados sobre este campo de conocimiento.<\/p><p class=\"text-justify\">El PPEO, y en especial la participaci\u00f3n de los egresados, ha sido fundamental para la creaci\u00f3n de la Red Mexicana de Investigadores en Estudios Organizacionales (REMINEO). Su conformaci\u00f3n ha sido fundamental para dar cabida al creciente n\u00famero de estudiosos y estudios sobre lo organizacional. Uno de los resultados m\u00e1s significativos de la REMINEO es la generaci\u00f3n de Nodos de Investigaci\u00f3n, dichos nodos integran y coordinan a investigadores interesados en temas relacionados al estudio de las organizaciones, as\u00ed como a investigadores que por su vinculaci\u00f3n regional deciden realizar proyectos de investigaci\u00f3n conjuntos. Quienes conforman as\u00ed como los responsables de los mismos son egresados de este posgrado. No solo es destacable la numerosa producci\u00f3n de estos grupos de investigaci\u00f3n (incluidos cuerpos acad\u00e9micos, departamentos universitarios y posgrados), tambi\u00e9n lo es su potencial investigativo, el cual ha sido fundamental para el desarrollo del conocimiento y mejora del desempe\u00f1o de las organizaciones en nuestro pa\u00eds.<\/p><p><strong>5) Contribuci\u00f3n de las investigaciones de los egresados al an\u00e1lisis organizacional<\/strong><\/p><p class=\"text-justify\">En la historia del PPEO se han forjado egresados que dentro de sus investigaciones de grado (Id\u00f3nea Comunicaci\u00f3n de Resultados &#8211; tesis) se enfocan en organizaciones de distintos sectores. En cuanto a la contribuci\u00f3n al conocimiento por tipos de organizaci\u00f3n, los alumnos de este posgrado han estudiado: universidades, partidos pol\u00edticos, reclusorios, peque\u00f1as empresas, empresas familiares, teatros, hospitales, ingenios, agencias gubernamentales, municipios, empresas e instituciones p\u00fablicas, organizaciones de la sociedad civil, entre otras.<\/p><p class=\"text-justify\">En suma, las investigaciones del PPEO han contribuido al conocimiento de diversos problemas y fen\u00f3menos sociales involucrados con organizaciones y\/o con procesos de organizaci\u00f3n de los actores sociales: deterioro ambiental, agua, migraci\u00f3n, pobreza, g\u00e9nero, por citar algunos. A su vez, dicho conocimiento ha sido y es \u00fatil tanto para el mejoramiento del desempe\u00f1o de dichas organizaciones como para el dise\u00f1o y evaluaci\u00f3n de diversos sectores de pol\u00edticas p\u00fablicas. En resumen, las investigaciones han dado atenci\u00f3n a \u00e1reas de organizaciones que son prioritarias para el desarrollo del pa\u00eds, en t\u00e9rminos de la creaci\u00f3n del conocimiento y la innovaci\u00f3n.<\/p>\t\t\t\t\t\t\t\t<\/div>\n\t\t\t\t<\/div>\n\t\t\t\t<div class=\"elementor-element elementor-element-1884fdf elementor-widget elementor-widget-text-editor\" data-id=\"1884fdf\" data-element_type=\"widget\" data-e-type=\"widget\" data-widget_type=\"text-editor.default\">\n\t\t\t\t<div class=\"elementor-widget-container\">\n\t\t\t\t\t\t\t\t\t<h6 class=\"text-info\"><span style=\"color: #0000ff;\">Contribuci\u00f3n a la formaci\u00f3n de investigadores de las Instituciones de Educaci\u00f3n Superior<\/span><\/h6><p class=\"text-justify\">Miembros de SNI.<\/p><p><strong>Egresados pertenecientes al SNI<\/strong><\/p><p><strong><a class=\"link\" href=\"https:\/\/dcsh.izt.uam.mx\/posgrado\/peo\/wp-content\/uploads\/2024\/01\/Egresados-pertenecientes-al-SNI.pdf\" target=\"_blank\" rel=\"noopener\">Descargar<\/a><\/strong><\/p><h6 class=\"text-info\"><span style=\"color: #0000ff;\">Participaci\u00f3n con la REMINEO<\/span><\/h6><p><strong>Participaci\u00f3n en Coloquios y Congresos del Posgrado con la REMINEO (2015-2017)<\/strong><\/p><p><strong><a class=\"link\" href=\"https:\/\/dcsh.izt.uam.mx\/posgrado\/peo\/wp-content\/uploads\/2024\/01\/Coloquios-y-Congresos-2014-2017.pdf\" target=\"_blank\" rel=\"noopener\">Descargar<\/a><\/strong><\/p><p><strong>Apoyo y participaci\u00f3n del posgrado en actividades de la REMINEO<\/strong><\/p><p><strong><a class=\"link\" href=\"https:\/\/dcsh.izt.uam.mx\/posgrado\/peo\/wp-content\/uploads\/2024\/01\/ParticipacionconlaREMINEO.pdf\" target=\"_blank\" rel=\"noopener\">Descargar<\/a><\/strong><\/p><p><strong>Red M\u00e9xicana de Investigadores en Estudios Organizacionales (REMINEO)<\/strong><\/p><p class=\"text-justify\">Contrato de Coedici\u00f3n.<\/p><p><strong><a class=\"link\" href=\"https:\/\/dcsh.izt.uam.mx\/posgrado\/peo\/wp-content\/uploads\/2024\/01\/ConvenioREMINEO.pdf\" target=\"_blank\" rel=\"noopener\">Descargar<\/a><\/strong><\/p>\t\t\t\t\t\t\t\t<\/div>\n\t\t\t\t<\/div>\n\t\t\t\t<\/div>\n\t\t\t\t<\/div>\n\t\t","protected":false},"excerpt":{"rendered":"<p>VINCULACI\u00d3N CON OTROS SECTORES DE LA SOCIEDAD El impacto del PPEO se constata con mayor claridad a partir del desenvolvimiento de los egresados en la sociedad, y las contribuciones en t\u00e9rminos de conocimiento en el marco de las Ciencias Sociales. A continuaci\u00f3n, se exponen algunos de estos beneficios en t\u00e9rminos de impacto, con la finalidad [&hellip;]<\/p>\n","protected":false},"author":1,"featured_media":0,"parent":0,"menu_order":0,"comment_status":"closed","ping_status":"closed","template":"","meta":{"footnotes":""},"class_list":["post-506","page","type-page","status-publish","hentry"],"blocksy_meta":[],"_links":{"self":[{"href":"https:\/\/dcsh.izt.uam.mx\/posgrado\/peo\/index.php\/wp-json\/wp\/v2\/pages\/506","targetHints":{"allow":["GET"]}}],"collection":[{"href":"https:\/\/dcsh.izt.uam.mx\/posgrado\/peo\/index.php\/wp-json\/wp\/v2\/pages"}],"about":[{"href":"https:\/\/dcsh.izt.uam.mx\/posgrado\/peo\/index.php\/wp-json\/wp\/v2\/types\/page"}],"author":[{"embeddable":true,"href":"https:\/\/dcsh.izt.uam.mx\/posgrado\/peo\/index.php\/wp-json\/wp\/v2\/users\/1"}],"replies":[{"embeddable":true,"href":"https:\/\/dcsh.izt.uam.mx\/posgrado\/peo\/index.php\/wp-json\/wp\/v2\/comments?post=506"}],"version-history":[{"count":0,"href":"https:\/\/dcsh.izt.uam.mx\/posgrado\/peo\/index.php\/wp-json\/wp\/v2\/pages\/506\/revisions"}],"wp:attachment":[{"href":"https:\/\/dcsh.izt.uam.mx\/posgrado\/peo\/index.php\/wp-json\/wp\/v2\/media?parent=506"}],"curies":[{"name":"wp","href":"https:\/\/api.w.org\/{rel}","templated":true}]}}