{"id":52,"date":"2024-01-27T05:07:12","date_gmt":"2024-01-27T04:07:12","guid":{"rendered":"https:\/\/dcsh.izt.uam.mx\/posgrado\/peo\/?page_id=52"},"modified":"2026-02-04T13:41:46","modified_gmt":"2026-02-04T19:41:46","slug":"inicio","status":"publish","type":"page","link":"https:\/\/dcsh.izt.uam.mx\/posgrado\/peo\/","title":{"rendered":"Inicio"},"content":{"rendered":"\t\t<div data-elementor-type=\"wp-page\" data-elementor-id=\"52\" class=\"elementor elementor-52\">\n\t\t\t\t<div class=\"elementor-element elementor-element-6eda970 e-con-full e-flex e-con e-parent\" data-id=\"6eda970\" data-element_type=\"container\" data-e-type=\"container\" data-settings=\"{&quot;background_background&quot;:&quot;video&quot;}\">\n\t\t\t\t<div class=\"elementor-element elementor-element-82d3322 elementor-widget elementor-widget-heading\" data-id=\"82d3322\" data-element_type=\"widget\" data-e-type=\"widget\" data-widget_type=\"heading.default\">\n\t\t\t\t<div class=\"elementor-widget-container\">\n\t\t\t\t\t<h4 class=\"elementor-heading-title elementor-size-default\">B I E N V E N I D O S<\/h4>\t\t\t\t<\/div>\n\t\t\t\t<\/div>\n\t\t\t\t<div class=\"elementor-element elementor-element-575409e elementor-widget elementor-widget-html\" data-id=\"575409e\" data-element_type=\"widget\" data-e-type=\"widget\" data-widget_type=\"html.default\">\n\t\t\t\t<div class=\"elementor-widget-container\">\n\t\t\t\t\t<body>\n  <p style=\"color:#000000\";><marquee behavior=\"scroll\" direction=\"left\">La Maestr\u00eda y el Doctorado en Estudios Organizaiconales se encuentra reconocido en el Sistema Nacional de Posgrados de la SECIHTI <\/marquee>\n<\/p>\n<\/body>\t\t\t\t<\/div>\n\t\t\t\t<\/div>\n\t\t\t\t<\/div>\n\t\t<div class=\"elementor-element elementor-element-4ed86bb e-con-full e-flex e-con e-parent\" data-id=\"4ed86bb\" data-element_type=\"container\" data-e-type=\"container\" data-settings=\"{&quot;background_background&quot;:&quot;video&quot;,&quot;background_video_link&quot;:&quot;https:\\\/\\\/youtu.be\\\/l09P0kZvwaM?t=16&quot;,&quot;background_video_start&quot;:16,&quot;background_video_end&quot;:85,&quot;background_play_on_mobile&quot;:&quot;yes&quot;}\">\n\t\t<div class=\"elementor-background-video-container\">\n\t\t\t\t\t\t\t<div class=\"elementor-background-video-embed\" role=\"presentation\"><\/div>\n\t\t\t\t\t\t<\/div>\t\t<div class=\"elementor-element elementor-element-67ad6d5 animated-slow elementor-invisible elementor-widget elementor-widget-image\" data-id=\"67ad6d5\" data-element_type=\"widget\" data-e-type=\"widget\" data-settings=\"{&quot;_animation&quot;:&quot;zoomInDown&quot;}\" data-widget_type=\"image.default\">\n\t\t\t\t<div class=\"elementor-widget-container\">\n\t\t\t\t\t\t\t\t\t\t\t\t\t\t\t<img fetchpriority=\"high\" decoding=\"async\" width=\"768\" height=\"154\" src=\"https:\/\/dcsh.izt.uam.mx\/posgrado\/peo\/wp-content\/uploads\/2025\/03\/banner-2-768x154.png\" class=\"attachment-medium_large size-medium_large wp-image-3565\" alt=\"\" srcset=\"https:\/\/dcsh.izt.uam.mx\/posgrado\/peo\/wp-content\/uploads\/2025\/03\/banner-2-768x154.png 768w, https:\/\/dcsh.izt.uam.mx\/posgrado\/peo\/wp-content\/uploads\/2025\/03\/banner-2-300x60.png 300w, https:\/\/dcsh.izt.uam.mx\/posgrado\/peo\/wp-content\/uploads\/2025\/03\/banner-2-1024x205.png 1024w, https:\/\/dcsh.izt.uam.mx\/posgrado\/peo\/wp-content\/uploads\/2025\/03\/banner-2-1536x308.png 1536w, https:\/\/dcsh.izt.uam.mx\/posgrado\/peo\/wp-content\/uploads\/2025\/03\/banner-2-2048x411.png 2048w\" sizes=\"(max-width: 768px) 100vw, 768px\" \/>\t\t\t\t\t\t\t\t\t\t\t\t\t\t\t<\/div>\n\t\t\t\t<\/div>\n\t\t\t\t<\/div>\n\t\t<div class=\"elementor-element elementor-element-f6dad2d e-con-full e-flex e-con e-parent\" data-id=\"f6dad2d\" data-element_type=\"container\" data-e-type=\"container\">\n\t\t<div class=\"elementor-element elementor-element-9c3649b e-con-full e-flex e-con e-child\" data-id=\"9c3649b\" data-element_type=\"container\" data-e-type=\"container\">\n\t\t\t\t<div class=\"elementor-element elementor-element-40faedf elementor-widget elementor-widget-text-editor\" data-id=\"40faedf\" data-element_type=\"widget\" data-e-type=\"widget\" data-widget_type=\"text-editor.default\">\n\t\t\t\t<div class=\"elementor-widget-container\">\n\t\t\t\t\t\t\t\t\t<h5 style=\"text-align: center;\"><span style=\"color: #57a519;\"><strong>Presentaci\u00f3n<\/strong><\/span><\/h5><p class=\"text-justify\">El Programa Integral de Posgrado en Estudios Organizacionales se inaugur\u00e1 en 1995, incorpor\u00e1ndose de inmediato al entonces Padr\u00f3n de Posgrados de Excelencia del Consejo Nacional de Ciencia y Tecnolog\u00eda (CONACYT). Actualmente forma parte del Programa Nacional de Posgrados de Calidad (PNPC) del CONACYT.<\/p><p class=\"text-justify\">Es el primer programa de posgrado en su g\u00e9nero en M\u00e9xico y Am\u00e9rica Latina con un perfil vinculado a las ciencias sociales, innovador y claramente diferenciado de los programas existentes en el campo de la administraci\u00f3n. Est\u00e1 dirigido a la formaci\u00f3n de investigadores de alto nivel, privilegiando el desarrollo de contribuciones originales al conocimiento de las organizaciones en M\u00e9xico y Latinoam\u00e9rica.<\/p><p>El programa se desarrolla en tres modalidades:<\/p><ul class=\"text-justify\"><li>Maestr\u00eda, con duraci\u00f3n de dos a\u00f1os;<\/li><li>Maestr\u00eda, con la posibilidad de concursar al Doctorado al final del primer a\u00f1o de Maestr\u00eda (se estima que el tiempo normal de formaci\u00f3n del investigador ser\u00e1 de aproximadamente cinco a\u00f1os);<\/li><li>Doctorado cuya duraci\u00f3n normal ser\u00e1 de cuatro a\u00f1os.<\/li><\/ul>\t\t\t\t\t\t\t\t<\/div>\n\t\t\t\t<\/div>\n\t\t\t\t<\/div>\n\t\t<div class=\"elementor-element elementor-element-aefe998 e-con-full e-flex e-con e-child\" data-id=\"aefe998\" data-element_type=\"container\" data-e-type=\"container\">\n\t\t\t\t<div class=\"elementor-element elementor-element-f399fe1 elementor-widget elementor-widget-image\" data-id=\"f399fe1\" data-element_type=\"widget\" data-e-type=\"widget\" data-widget_type=\"image.default\">\n\t\t\t\t<div class=\"elementor-widget-container\">\n\t\t\t\t\t\t\t\t\t\t\t\t\t\t\t<img decoding=\"async\" width=\"300\" height=\"274\" src=\"https:\/\/dcsh.izt.uam.mx\/posgrado\/peo\/wp-content\/uploads\/2026\/01\/Logo-Peo-30-300x274.png\" class=\"attachment-medium size-medium wp-image-3677\" alt=\"\" srcset=\"https:\/\/dcsh.izt.uam.mx\/posgrado\/peo\/wp-content\/uploads\/2026\/01\/Logo-Peo-30-300x274.png 300w, https:\/\/dcsh.izt.uam.mx\/posgrado\/peo\/wp-content\/uploads\/2026\/01\/Logo-Peo-30-1024x935.png 1024w, https:\/\/dcsh.izt.uam.mx\/posgrado\/peo\/wp-content\/uploads\/2026\/01\/Logo-Peo-30-768x701.png 768w, https:\/\/dcsh.izt.uam.mx\/posgrado\/peo\/wp-content\/uploads\/2026\/01\/Logo-Peo-30.png 1329w\" sizes=\"(max-width: 300px) 100vw, 300px\" \/>\t\t\t\t\t\t\t\t\t\t\t\t\t\t\t<\/div>\n\t\t\t\t<\/div>\n\t\t\t\t<\/div>\n\t\t\t\t<\/div>\n\t\t<div class=\"elementor-element elementor-element-e1adb8c e-flex e-con-boxed e-con e-parent\" data-id=\"e1adb8c\" data-element_type=\"container\" data-e-type=\"container\">\n\t\t\t\t\t<div class=\"e-con-inner\">\n\t\t\t\t<div class=\"elementor-element elementor-element-714cd64 elementor-widget elementor-widget-heading\" data-id=\"714cd64\" data-element_type=\"widget\" data-e-type=\"widget\" data-widget_type=\"heading.default\">\n\t\t\t\t<div class=\"elementor-widget-container\">\n\t\t\t\t\t<h6 class=\"elementor-heading-title elementor-size-default\">Redes Sociales<\/h6>\t\t\t\t<\/div>\n\t\t\t\t<\/div>\n\t\t\t\t<div class=\"elementor-element elementor-element-39b9a51 elementor-shape-rounded elementor-grid-0 e-grid-align-center elementor-widget elementor-widget-social-icons\" data-id=\"39b9a51\" data-element_type=\"widget\" data-e-type=\"widget\" data-widget_type=\"social-icons.default\">\n\t\t\t\t<div class=\"elementor-widget-container\">\n\t\t\t\t\t\t\t<div class=\"elementor-social-icons-wrapper elementor-grid\" role=\"list\">\n\t\t\t\t\t\t\t<span class=\"elementor-grid-item\" role=\"listitem\">\n\t\t\t\t\t<a class=\"elementor-icon elementor-social-icon elementor-social-icon-facebook elementor-animation-shrink elementor-repeater-item-299249f\" href=\"https:\/\/www.facebook.com\/PEOizt\" target=\"_blank\">\n\t\t\t\t\t\t<span class=\"elementor-screen-only\">Facebook<\/span>\n\t\t\t\t\t\t<svg aria-hidden=\"true\" class=\"e-font-icon-svg e-fab-facebook\" viewBox=\"0 0 512 512\" xmlns=\"http:\/\/www.w3.org\/2000\/svg\"><path d=\"M504 256C504 119 393 8 256 8S8 119 8 256c0 123.78 90.69 226.38 209.25 245V327.69h-63V256h63v-54.64c0-62.15 37-96.48 93.67-96.48 27.14 0 55.52 4.84 55.52 4.84v61h-31.28c-30.8 0-40.41 19.12-40.41 38.73V256h68.78l-11 71.69h-57.78V501C413.31 482.38 504 379.78 504 256z\"><\/path><\/svg>\t\t\t\t\t<\/a>\n\t\t\t\t<\/span>\n\t\t\t\t\t\t\t<span class=\"elementor-grid-item\" role=\"listitem\">\n\t\t\t\t\t<a class=\"elementor-icon elementor-social-icon elementor-social-icon-envelope elementor-animation-shrink elementor-repeater-item-5d88699\" href=\"mailto:estorga@xanum.uam.mx\" target=\"_blank\">\n\t\t\t\t\t\t<span class=\"elementor-screen-only\">Envelope<\/span>\n\t\t\t\t\t\t<svg aria-hidden=\"true\" class=\"e-font-icon-svg e-fas-envelope\" viewBox=\"0 0 512 512\" xmlns=\"http:\/\/www.w3.org\/2000\/svg\"><path d=\"M502.3 190.8c3.9-3.1 9.7-.2 9.7 4.7V400c0 26.5-21.5 48-48 48H48c-26.5 0-48-21.5-48-48V195.6c0-5 5.7-7.8 9.7-4.7 22.4 17.4 52.1 39.5 154.1 113.6 21.1 15.4 56.7 47.8 92.2 47.6 35.7.3 72-32.8 92.3-47.6 102-74.1 131.6-96.3 154-113.7zM256 320c23.2.4 56.6-29.2 73.4-41.4 132.7-96.3 142.8-104.7 173.4-128.7 5.8-4.5 9.2-11.5 9.2-18.9v-19c0-26.5-21.5-48-48-48H48C21.5 64 0 85.5 0 112v19c0 7.4 3.4 14.3 9.2 18.9 30.6 23.9 40.7 32.4 173.4 128.7 16.8 12.2 50.2 41.8 73.4 41.4z\"><\/path><\/svg>\t\t\t\t\t<\/a>\n\t\t\t\t<\/span>\n\t\t\t\t\t\t\t<span class=\"elementor-grid-item\" role=\"listitem\">\n\t\t\t\t\t<a class=\"elementor-icon elementor-social-icon elementor-social-icon- elementor-animation-shrink elementor-repeater-item-b9e8f55\" href=\"https:\/\/twitter.com\/PEOizt\" target=\"_blank\">\n\t\t\t\t\t\t<span class=\"elementor-screen-only\"><\/span>\n\t\t\t\t\t\t<svg xmlns=\"http:\/\/www.w3.org\/2000\/svg\" viewBox=\"0 0 512 512\"><path d=\"M389.2 48h70.6L305.6 224.2 487 464H345L233.7 318.6 106.5 464H35.8L200.7 275.5 26.8 48H172.4L272.9 180.9 389.2 48zM364.4 421.8h39.1L151.1 88h-42L364.4 421.8z\"><\/path><\/svg>\t\t\t\t\t<\/a>\n\t\t\t\t<\/span>\n\t\t\t\t\t<\/div>\n\t\t\t\t\t\t<\/div>\n\t\t\t\t<\/div>\n\t\t\t\t\t<\/div>\n\t\t\t\t<\/div>\n\t\t<div class=\"elementor-element elementor-element-d3b8e54 e-flex e-con-boxed e-con e-parent\" data-id=\"d3b8e54\" data-element_type=\"container\" data-e-type=\"container\">\n\t\t\t\t\t<div class=\"e-con-inner\">\n\t\t\t\t<div class=\"elementor-element elementor-element-619bd46 elementor-widget elementor-widget-heading\" data-id=\"619bd46\" data-element_type=\"widget\" data-e-type=\"widget\" data-widget_type=\"heading.default\">\n\t\t\t\t<div class=\"elementor-widget-container\">\n\t\t\t\t\t<h2 class=\"elementor-heading-title elementor-size-default\">Avisos, noticias y eventos relevantes<\/h2>\t\t\t\t<\/div>\n\t\t\t\t<\/div>\n\t\t\t\t<div class=\"elementor-element elementor-element-32e887b elementor-arrows-position-outside elementor-pagination-position-outside elementor-widget elementor-widget-image-carousel\" data-id=\"32e887b\" data-element_type=\"widget\" data-e-type=\"widget\" data-settings=\"{&quot;lazyload&quot;:&quot;yes&quot;,&quot;image_spacing_custom&quot;:{&quot;unit&quot;:&quot;px&quot;,&quot;size&quot;:60,&quot;sizes&quot;:[]},&quot;navigation&quot;:&quot;both&quot;,&quot;autoplay&quot;:&quot;yes&quot;,&quot;pause_on_hover&quot;:&quot;yes&quot;,&quot;pause_on_interaction&quot;:&quot;yes&quot;,&quot;autoplay_speed&quot;:5000,&quot;infinite&quot;:&quot;yes&quot;,&quot;speed&quot;:500,&quot;image_spacing_custom_tablet&quot;:{&quot;unit&quot;:&quot;px&quot;,&quot;size&quot;:&quot;&quot;,&quot;sizes&quot;:[]},&quot;image_spacing_custom_mobile&quot;:{&quot;unit&quot;:&quot;px&quot;,&quot;size&quot;:&quot;&quot;,&quot;sizes&quot;:[]}}\" data-widget_type=\"image-carousel.default\">\n\t\t\t\t<div class=\"elementor-widget-container\">\n\t\t\t\t\t\t\t<div class=\"elementor-image-carousel-wrapper swiper\" role=\"region\" aria-roledescription=\"carousel\" aria-label=\"Carrusel de im\u00e1genes\" dir=\"ltr\">\n\t\t\t<div class=\"elementor-image-carousel swiper-wrapper\" aria-live=\"off\">\n\t\t\t\t\t\t\t\t<div class=\"swiper-slide\" role=\"group\" aria-roledescription=\"slide\" aria-label=\"1 de 8\"><a data-elementor-open-lightbox=\"yes\" data-elementor-lightbox-slideshow=\"32e887b\" data-elementor-lightbox-title=\"006\" data-e-action-hash=\"#elementor-action%3Aaction%3Dlightbox%26settings%3DeyJpZCI6MzY2NSwidXJsIjoiaHR0cHM6XC9cL2Rjc2guaXp0LnVhbS5teFwvcG9zZ3JhZG9cL3Blb1wvd3AtY29udGVudFwvdXBsb2Fkc1wvMjAyNVwvMTBcLzAwNi5qcGciLCJzbGlkZXNob3ciOiIzMmU4ODdiIn0%3D\" href=\"https:\/\/dcsh.izt.uam.mx\/posgrado\/peo\/wp-content\/uploads\/2025\/10\/006.jpg\"><figure class=\"swiper-slide-inner\"><img class=\"swiper-slide-image swiper-lazy\" data-src=\"https:\/\/dcsh.izt.uam.mx\/posgrado\/peo\/wp-content\/uploads\/2025\/10\/006.jpg\" alt=\"006\" \/><div class=\"swiper-lazy-preloader\"><\/div><\/figure><\/a><\/div><div class=\"swiper-slide\" role=\"group\" aria-roledescription=\"slide\" aria-label=\"2 de 8\"><a data-elementor-open-lightbox=\"yes\" data-elementor-lightbox-slideshow=\"32e887b\" data-elementor-lightbox-title=\"008\" data-e-action-hash=\"#elementor-action%3Aaction%3Dlightbox%26settings%3DeyJpZCI6MzY1MywidXJsIjoiaHR0cHM6XC9cL2Rjc2guaXp0LnVhbS5teFwvcG9zZ3JhZG9cL3Blb1wvd3AtY29udGVudFwvdXBsb2Fkc1wvMjAyNVwvMTBcLzAwOC5qcGciLCJzbGlkZXNob3ciOiIzMmU4ODdiIn0%3D\" href=\"https:\/\/dcsh.izt.uam.mx\/posgrado\/peo\/wp-content\/uploads\/2025\/10\/008.jpg\"><figure class=\"swiper-slide-inner\"><img class=\"swiper-slide-image swiper-lazy\" data-src=\"https:\/\/dcsh.izt.uam.mx\/posgrado\/peo\/wp-content\/uploads\/2025\/10\/008.jpg\" alt=\"008\" \/><div class=\"swiper-lazy-preloader\"><\/div><\/figure><\/a><\/div><div class=\"swiper-slide\" role=\"group\" aria-roledescription=\"slide\" aria-label=\"3 de 8\"><a data-elementor-open-lightbox=\"yes\" data-elementor-lightbox-slideshow=\"32e887b\" data-elementor-lightbox-title=\"007\" data-e-action-hash=\"#elementor-action%3Aaction%3Dlightbox%26settings%3DeyJpZCI6MzY1NCwidXJsIjoiaHR0cHM6XC9cL2Rjc2guaXp0LnVhbS5teFwvcG9zZ3JhZG9cL3Blb1wvd3AtY29udGVudFwvdXBsb2Fkc1wvMjAyNVwvMTBcLzAwNy5qcGciLCJzbGlkZXNob3ciOiIzMmU4ODdiIn0%3D\" href=\"https:\/\/dcsh.izt.uam.mx\/posgrado\/peo\/wp-content\/uploads\/2025\/10\/007.jpg\"><figure class=\"swiper-slide-inner\"><img class=\"swiper-slide-image swiper-lazy\" data-src=\"https:\/\/dcsh.izt.uam.mx\/posgrado\/peo\/wp-content\/uploads\/2025\/10\/007.jpg\" alt=\"007\" \/><div class=\"swiper-lazy-preloader\"><\/div><\/figure><\/a><\/div><div class=\"swiper-slide\" role=\"group\" aria-roledescription=\"slide\" aria-label=\"4 de 8\"><a data-elementor-open-lightbox=\"yes\" data-elementor-lightbox-slideshow=\"32e887b\" data-elementor-lightbox-title=\"005\" data-e-action-hash=\"#elementor-action%3Aaction%3Dlightbox%26settings%3DeyJpZCI6MzY1NSwidXJsIjoiaHR0cHM6XC9cL2Rjc2guaXp0LnVhbS5teFwvcG9zZ3JhZG9cL3Blb1wvd3AtY29udGVudFwvdXBsb2Fkc1wvMjAyNVwvMTBcLzAwNS5qcGciLCJzbGlkZXNob3ciOiIzMmU4ODdiIn0%3D\" href=\"https:\/\/dcsh.izt.uam.mx\/posgrado\/peo\/wp-content\/uploads\/2025\/10\/005.jpg\"><figure class=\"swiper-slide-inner\"><img class=\"swiper-slide-image swiper-lazy\" data-src=\"https:\/\/dcsh.izt.uam.mx\/posgrado\/peo\/wp-content\/uploads\/2025\/10\/005.jpg\" alt=\"005\" \/><div class=\"swiper-lazy-preloader\"><\/div><\/figure><\/a><\/div><div class=\"swiper-slide\" role=\"group\" aria-roledescription=\"slide\" aria-label=\"5 de 8\"><a data-elementor-open-lightbox=\"yes\" data-elementor-lightbox-slideshow=\"32e887b\" data-elementor-lightbox-title=\"004\" data-e-action-hash=\"#elementor-action%3Aaction%3Dlightbox%26settings%3DeyJpZCI6MzY1NiwidXJsIjoiaHR0cHM6XC9cL2Rjc2guaXp0LnVhbS5teFwvcG9zZ3JhZG9cL3Blb1wvd3AtY29udGVudFwvdXBsb2Fkc1wvMjAyNVwvMTBcLzAwNC5qcGciLCJzbGlkZXNob3ciOiIzMmU4ODdiIn0%3D\" href=\"https:\/\/dcsh.izt.uam.mx\/posgrado\/peo\/wp-content\/uploads\/2025\/10\/004.jpg\"><figure class=\"swiper-slide-inner\"><img class=\"swiper-slide-image swiper-lazy\" data-src=\"https:\/\/dcsh.izt.uam.mx\/posgrado\/peo\/wp-content\/uploads\/2025\/10\/004.jpg\" alt=\"004\" \/><div class=\"swiper-lazy-preloader\"><\/div><\/figure><\/a><\/div><div class=\"swiper-slide\" role=\"group\" aria-roledescription=\"slide\" aria-label=\"6 de 8\"><a data-elementor-open-lightbox=\"yes\" data-elementor-lightbox-slideshow=\"32e887b\" data-elementor-lightbox-title=\"002\" data-e-action-hash=\"#elementor-action%3Aaction%3Dlightbox%26settings%3DeyJpZCI6MzY1NywidXJsIjoiaHR0cHM6XC9cL2Rjc2guaXp0LnVhbS5teFwvcG9zZ3JhZG9cL3Blb1wvd3AtY29udGVudFwvdXBsb2Fkc1wvMjAyNVwvMTBcLzAwMi5qcGciLCJzbGlkZXNob3ciOiIzMmU4ODdiIn0%3D\" href=\"https:\/\/dcsh.izt.uam.mx\/posgrado\/peo\/wp-content\/uploads\/2025\/10\/002.jpg\"><figure class=\"swiper-slide-inner\"><img class=\"swiper-slide-image swiper-lazy\" data-src=\"https:\/\/dcsh.izt.uam.mx\/posgrado\/peo\/wp-content\/uploads\/2025\/10\/002.jpg\" alt=\"002\" \/><div class=\"swiper-lazy-preloader\"><\/div><\/figure><\/a><\/div><div class=\"swiper-slide\" role=\"group\" aria-roledescription=\"slide\" aria-label=\"7 de 8\"><a data-elementor-open-lightbox=\"yes\" data-elementor-lightbox-slideshow=\"32e887b\" data-elementor-lightbox-title=\"001\" data-e-action-hash=\"#elementor-action%3Aaction%3Dlightbox%26settings%3DeyJpZCI6MzY1OCwidXJsIjoiaHR0cHM6XC9cL2Rjc2guaXp0LnVhbS5teFwvcG9zZ3JhZG9cL3Blb1wvd3AtY29udGVudFwvdXBsb2Fkc1wvMjAyNVwvMTBcLzAwMS5qcGciLCJzbGlkZXNob3ciOiIzMmU4ODdiIn0%3D\" href=\"https:\/\/dcsh.izt.uam.mx\/posgrado\/peo\/wp-content\/uploads\/2025\/10\/001.jpg\"><figure class=\"swiper-slide-inner\"><img class=\"swiper-slide-image swiper-lazy\" data-src=\"https:\/\/dcsh.izt.uam.mx\/posgrado\/peo\/wp-content\/uploads\/2025\/10\/001.jpg\" alt=\"001\" \/><div class=\"swiper-lazy-preloader\"><\/div><\/figure><\/a><\/div><div class=\"swiper-slide\" role=\"group\" aria-roledescription=\"slide\" aria-label=\"8 de 8\"><a data-elementor-open-lightbox=\"yes\" data-elementor-lightbox-slideshow=\"32e887b\" data-elementor-lightbox-title=\"003\" data-e-action-hash=\"#elementor-action%3Aaction%3Dlightbox%26settings%3DeyJpZCI6MzY2NiwidXJsIjoiaHR0cHM6XC9cL2Rjc2guaXp0LnVhbS5teFwvcG9zZ3JhZG9cL3Blb1wvd3AtY29udGVudFwvdXBsb2Fkc1wvMjAyNVwvMTBcLzAwMy5qcGciLCJzbGlkZXNob3ciOiIzMmU4ODdiIn0%3D\" href=\"https:\/\/dcsh.izt.uam.mx\/posgrado\/peo\/wp-content\/uploads\/2025\/10\/003.jpg\"><figure class=\"swiper-slide-inner\"><img class=\"swiper-slide-image swiper-lazy\" data-src=\"https:\/\/dcsh.izt.uam.mx\/posgrado\/peo\/wp-content\/uploads\/2025\/10\/003.jpg\" alt=\"003\" \/><div class=\"swiper-lazy-preloader\"><\/div><\/figure><\/a><\/div>\t\t\t<\/div>\n\t\t\t\t\t\t\t\t\t\t\t\t<div class=\"elementor-swiper-button elementor-swiper-button-prev\" role=\"button\" tabindex=\"0\">\n\t\t\t\t\t\t<svg aria-hidden=\"true\" class=\"e-font-icon-svg e-eicon-chevron-left\" viewBox=\"0 0 1000 1000\" xmlns=\"http:\/\/www.w3.org\/2000\/svg\"><path d=\"M646 125C629 125 613 133 604 142L308 442C296 454 292 471 292 487 292 504 296 521 308 533L604 854C617 867 629 875 646 875 663 875 679 871 692 858 704 846 713 829 713 812 713 796 708 779 692 767L438 487 692 225C700 217 708 204 708 187 708 171 704 154 692 142 675 129 663 125 646 125Z\"><\/path><\/svg>\t\t\t\t\t<\/div>\n\t\t\t\t\t<div class=\"elementor-swiper-button elementor-swiper-button-next\" role=\"button\" tabindex=\"0\">\n\t\t\t\t\t\t<svg aria-hidden=\"true\" class=\"e-font-icon-svg e-eicon-chevron-right\" viewBox=\"0 0 1000 1000\" xmlns=\"http:\/\/www.w3.org\/2000\/svg\"><path d=\"M696 533C708 521 713 504 713 487 713 471 708 454 696 446L400 146C388 133 375 125 354 125 338 125 325 129 313 142 300 154 292 171 292 187 292 204 296 221 308 233L563 492 304 771C292 783 288 800 288 817 288 833 296 850 308 863 321 871 338 875 354 875 371 875 388 867 400 854L696 533Z\"><\/path><\/svg>\t\t\t\t\t<\/div>\n\t\t\t\t\n\t\t\t\t\t\t\t\t\t<div class=\"swiper-pagination\"><\/div>\n\t\t\t\t\t\t\t\t\t<\/div>\n\t\t\t\t\t\t<\/div>\n\t\t\t\t<\/div>\n\t\t\t\t<div class=\"elementor-element elementor-element-b3a4c44 elementor-widget elementor-widget-spacer\" data-id=\"b3a4c44\" data-element_type=\"widget\" data-e-type=\"widget\" data-widget_type=\"spacer.default\">\n\t\t\t\t<div class=\"elementor-widget-container\">\n\t\t\t\t\t\t\t<div class=\"elementor-spacer\">\n\t\t\t<div class=\"elementor-spacer-inner\"><\/div>\n\t\t<\/div>\n\t\t\t\t\t\t<\/div>\n\t\t\t\t<\/div>\n\t\t\t\t\t<\/div>\n\t\t\t\t<\/div>\n\t\t\t\t<\/div>\n\t\t","protected":false},"excerpt":{"rendered":"<p>B I E N V E N I D O S La Maestr\u00eda y el Doctorado en Estudios Organizaiconales se encuentra reconocido en el Sistema Nacional de Posgrados de la SECIHTI Presentaci\u00f3n El Programa Integral de Posgrado en Estudios Organizacionales se inaugur\u00e1 en 1995, incorpor\u00e1ndose de inmediato al entonces Padr\u00f3n de Posgrados de Excelencia del [&hellip;]<\/p>\n","protected":false},"author":1,"featured_media":0,"parent":0,"menu_order":0,"comment_status":"closed","ping_status":"closed","template":"elementor_header_footer","meta":{"footnotes":""},"class_list":["post-52","page","type-page","status-publish","hentry"],"blocksy_meta":[],"_links":{"self":[{"href":"https:\/\/dcsh.izt.uam.mx\/posgrado\/peo\/index.php\/wp-json\/wp\/v2\/pages\/52","targetHints":{"allow":["GET"]}}],"collection":[{"href":"https:\/\/dcsh.izt.uam.mx\/posgrado\/peo\/index.php\/wp-json\/wp\/v2\/pages"}],"about":[{"href":"https:\/\/dcsh.izt.uam.mx\/posgrado\/peo\/index.php\/wp-json\/wp\/v2\/types\/page"}],"author":[{"embeddable":true,"href":"https:\/\/dcsh.izt.uam.mx\/posgrado\/peo\/index.php\/wp-json\/wp\/v2\/users\/1"}],"replies":[{"embeddable":true,"href":"https:\/\/dcsh.izt.uam.mx\/posgrado\/peo\/index.php\/wp-json\/wp\/v2\/comments?post=52"}],"version-history":[{"count":63,"href":"https:\/\/dcsh.izt.uam.mx\/posgrado\/peo\/index.php\/wp-json\/wp\/v2\/pages\/52\/revisions"}],"predecessor-version":[{"id":3712,"href":"https:\/\/dcsh.izt.uam.mx\/posgrado\/peo\/index.php\/wp-json\/wp\/v2\/pages\/52\/revisions\/3712"}],"wp:attachment":[{"href":"https:\/\/dcsh.izt.uam.mx\/posgrado\/peo\/index.php\/wp-json\/wp\/v2\/media?parent=52"}],"curies":[{"name":"wp","href":"https:\/\/api.w.org\/{rel}","templated":true}]}}