{"id":522,"date":"2024-01-29T02:04:14","date_gmt":"2024-01-29T08:04:14","guid":{"rendered":"https:\/\/dcsh.izt.uam.mx\/posgrado\/peo\/?page_id=522"},"modified":"2024-01-29T02:05:02","modified_gmt":"2024-01-29T08:05:02","slug":"estancias-posdoctorales","status":"publish","type":"page","link":"https:\/\/dcsh.izt.uam.mx\/posgrado\/peo\/index.php\/estancias-posdoctorales\/","title":{"rendered":"Estancias posdoctorales"},"content":{"rendered":"\t\t<div data-elementor-type=\"wp-page\" data-elementor-id=\"522\" class=\"elementor elementor-522\">\n\t\t\t\t<div class=\"elementor-element elementor-element-6eda970 e-con-full e-flex e-con e-parent\" data-id=\"6eda970\" data-element_type=\"container\" data-e-type=\"container\">\n\t\t\t\t<div class=\"elementor-element elementor-element-82d3322 elementor-widget elementor-widget-heading\" data-id=\"82d3322\" data-element_type=\"widget\" data-e-type=\"widget\" data-widget_type=\"heading.default\">\n\t\t\t\t<div class=\"elementor-widget-container\">\n\t\t\t\t\t<h4 class=\"elementor-heading-title elementor-size-default\">ESTANCIAS POSDOCTORALES<\/h4>\t\t\t\t<\/div>\n\t\t\t\t<\/div>\n\t\t\t\t<\/div>\n\t\t<div class=\"elementor-element elementor-element-611885e e-con-full e-flex e-con e-parent\" data-id=\"611885e\" data-element_type=\"container\" data-e-type=\"container\">\n\t\t\t\t<div class=\"elementor-element elementor-element-fd69c7b elementor-widget elementor-widget-text-editor\" data-id=\"fd69c7b\" data-element_type=\"widget\" data-e-type=\"widget\" data-widget_type=\"text-editor.default\">\n\t\t\t\t<div class=\"elementor-widget-container\">\n\t\t\t\t\t\t\t\t\t<h6 class=\"text-info\"><span style=\"color: #0000ff;\">Requisitos<\/span><\/h6><ul class=\"text-justify\"><li>Contar con grado de doctorado<\/li><li>Presentar un proyecto de investigaci\u00f3n y plan de actividades con Visto Bueno de un Profesor del N\u00facleo B\u00e1sico para su aprobaci\u00f3n por la Comisi\u00f3n del Posgrado<\/li><li>Entrega de un informe y producto de la estancia<\/li><\/ul>\t\t\t\t\t\t\t\t<\/div>\n\t\t\t\t<\/div>\n\t\t\t\t<\/div>\n\t\t\t\t<\/div>\n\t\t","protected":false},"excerpt":{"rendered":"<p>ESTANCIAS POSDOCTORALES Requisitos Contar con grado de doctorado Presentar un proyecto de investigaci\u00f3n y plan de actividades con Visto Bueno de un Profesor del N\u00facleo B\u00e1sico para su aprobaci\u00f3n por la Comisi\u00f3n del Posgrado Entrega de un informe y producto de la estancia<\/p>\n","protected":false},"author":1,"featured_media":0,"parent":0,"menu_order":0,"comment_status":"closed","ping_status":"closed","template":"","meta":{"footnotes":""},"class_list":["post-522","page","type-page","status-publish","hentry"],"blocksy_meta":[],"_links":{"self":[{"href":"https:\/\/dcsh.izt.uam.mx\/posgrado\/peo\/index.php\/wp-json\/wp\/v2\/pages\/522","targetHints":{"allow":["GET"]}}],"collection":[{"href":"https:\/\/dcsh.izt.uam.mx\/posgrado\/peo\/index.php\/wp-json\/wp\/v2\/pages"}],"about":[{"href":"https:\/\/dcsh.izt.uam.mx\/posgrado\/peo\/index.php\/wp-json\/wp\/v2\/types\/page"}],"author":[{"embeddable":true,"href":"https:\/\/dcsh.izt.uam.mx\/posgrado\/peo\/index.php\/wp-json\/wp\/v2\/users\/1"}],"replies":[{"embeddable":true,"href":"https:\/\/dcsh.izt.uam.mx\/posgrado\/peo\/index.php\/wp-json\/wp\/v2\/comments?post=522"}],"version-history":[{"count":0,"href":"https:\/\/dcsh.izt.uam.mx\/posgrado\/peo\/index.php\/wp-json\/wp\/v2\/pages\/522\/revisions"}],"wp:attachment":[{"href":"https:\/\/dcsh.izt.uam.mx\/posgrado\/peo\/index.php\/wp-json\/wp\/v2\/media?parent=522"}],"curies":[{"name":"wp","href":"https:\/\/api.w.org\/{rel}","templated":true}]}}