{"id":101,"date":"2018-08-03T00:40:28","date_gmt":"2018-08-03T05:40:28","guid":{"rendered":"https:\/\/dcsh.izt.uam.mx\/proyectos\/r\/?page_id=101"},"modified":"2018-08-28T13:53:31","modified_gmt":"2018-08-28T18:53:31","slug":"modelo-auto-con-r","status":"publish","type":"page","link":"https:\/\/dcsh.izt.uam.mx\/proyectos\/r\/?page_id=101","title":{"rendered":"Modelo Auto con R"},"content":{"rendered":"<p>Autor:\u00a0 Guillermo Martinez Atilano<\/p>\n<p>El siguiente Modelo fue estimado con R.<\/p>\n<p>Utiliza la base de datos Auto.dta de Stata.<\/p>\n<p>2018-08-03 00:30:44<\/p>\n<p>&gt; articulo &lt;- readXL(&#8220;C:\/Users\/Atilano\/Desktop\/auto_es.xls&#8221;, rownames=FALSE, header=TRUE, na=&#8221;&#8221;,<br \/>\n+\u00a0\u00a0 sheet=&#8221;Sheet1&#8243;, stringsAsFactors=TRUE)<\/p>\n<p><a href=\"https:\/\/dcsh.izt.uam.mx\/proyectos\/r\/wp-content\/uploads\/2018\/08\/MpgPeso.png\"><img loading=\"lazy\" decoding=\"async\" class=\"alignnone size-medium wp-image-105\" src=\"https:\/\/dcsh.izt.uam.mx\/proyectos\/r\/wp-content\/uploads\/2018\/08\/MpgPeso-300x300.png\" alt=\"_MpgPeso\" width=\"300\" height=\"300\" srcset=\"https:\/\/dcsh.izt.uam.mx\/proyectos\/r\/wp-content\/uploads\/2018\/08\/MpgPeso-300x300.png 300w, https:\/\/dcsh.izt.uam.mx\/proyectos\/r\/wp-content\/uploads\/2018\/08\/MpgPeso-150x150.png 150w, https:\/\/dcsh.izt.uam.mx\/proyectos\/r\/wp-content\/uploads\/2018\/08\/MpgPeso.png 432w\" sizes=\"auto, (max-width: 300px) 100vw, 300px\" \/><\/a><\/p>\n<p>La gr\u00e1fica de dispersi\u00f3n muestra una relaci\u00f3n negativa entre el peso de un autom\u00f3vil y las millas por gal\u00f3n. A memor peso aumenta el rendimiento y se obtienen mayor millaje.<\/p>\n<p>&gt; RegModel.1 &lt;- lm(mpg~peso, data=articulo)<br \/>\n&gt; summary(RegModel.1)<br \/>\nCall:<br \/>\nlm(formula = mpg ~ peso, data = articulo)<\/p>\n<p>Residuals:<br \/>\nMin\u00a0\u00a0\u00a0\u00a0\u00a0 1Q\u00a0 Median\u00a0\u00a0\u00a0\u00a0\u00a0 3Q\u00a0\u00a0\u00a0\u00a0 Max<br \/>\n-6.9593 -1.9325 -0.3713\u00a0 0.8885 13.8174<\/p>\n<p>Coefficients:<br \/>\nEstimate Std. Error t value Pr(&gt;|t|)<br \/>\n(Intercept) 39.4402835 \u00a01.6140031\u00a0\u00a0 24.44\u00a0\u00a0 &lt;2e-16 ***<br \/>\npeso\u00a0\u00a0\u00a0\u00a0\u00a0\u00a0\u00a0 -0.0060087\u00a0 0.0005179\u00a0 -11.60\u00a0\u00a0 &lt;2e-16 ***<br \/>\n&#8212;<br \/>\nSignif. codes:\u00a0 0 &#8216;***&#8217; 0.001 &#8216;**&#8217; 0.01 &#8216;*&#8217; 0.05 &#8216;.&#8217; 0.1 &#8216; &#8216; 1<\/p>\n<p>Residual standard error: 3.439 on 72 degrees of freedom<br \/>\nMultiple R-squared:\u00a0 0.6515,\u00a0\u00a0\u00a0 Adjusted R-squared:\u00a0 0.6467<br \/>\nF-statistic: 134.6 on 1 and 72 DF,\u00a0 p-value: &lt; 2.2e-16<\/p>\n<p><strong>El resultado obtenido\u00a0<\/strong><\/p>\n<p><a href=\"https:\/\/dcsh.izt.uam.mx\/proyectos\/r\/wp-content\/uploads\/2018\/08\/MpgPeso_ajuster.png\"><img loading=\"lazy\" decoding=\"async\" class=\"alignnone size-medium wp-image-119\" src=\"https:\/\/dcsh.izt.uam.mx\/proyectos\/r\/wp-content\/uploads\/2018\/08\/MpgPeso_ajuster-300x300.png\" alt=\"_MpgPeso_ajuster\" width=\"300\" height=\"300\" srcset=\"https:\/\/dcsh.izt.uam.mx\/proyectos\/r\/wp-content\/uploads\/2018\/08\/MpgPeso_ajuster-300x300.png 300w, https:\/\/dcsh.izt.uam.mx\/proyectos\/r\/wp-content\/uploads\/2018\/08\/MpgPeso_ajuster-150x150.png 150w, https:\/\/dcsh.izt.uam.mx\/proyectos\/r\/wp-content\/uploads\/2018\/08\/MpgPeso_ajuster.png 432w\" sizes=\"auto, (max-width: 300px) 100vw, 300px\" \/><\/a><\/p>\n<p>&gt; stargazer(RegModel.1, header=FALSE, type = &#8220;text&#8221;, title=&#8221;Tabla 1. Modelos estimados&#8221;,<br \/>\n+ digits=2, single.row=FALSE, omit.stat=c(&#8220;LL&#8221;,&#8221;ser&#8221;,&#8221;f&#8221;))<br \/>\nTabla 1. Modelos estimados Millas por gal\u00f3n vs. peso del auto<\/p>\n<p>&gt; articulo$mpg100 &lt;- with(articulo, mpg\/100)<\/p>\n<p>&gt; RegModel.2 &lt;- lm(mpg100~peso, data=articulo)<br \/>\n&gt; summary(RegModel.2)<br \/>\nCall:<br \/>\nlm(formula = mpg100 ~ peso, data = articulo)<\/p>\n<p>Residuals:<br \/>\nMin\u00a0\u00a0\u00a0\u00a0\u00a0\u00a0\u00a0 1Q\u00a0\u00a0\u00a0 Median\u00a0\u00a0\u00a0\u00a0\u00a0\u00a0\u00a0 3Q\u00a0\u00a0\u00a0\u00a0\u00a0\u00a0 Max<br \/>\n-0.069593 -0.019325 -0.003713\u00a0 0.008885\u00a0 0.138174<\/p>\n<p>Coefficients:<br \/>\nEstimate\u00a0\u00a0 Std. Error t value Pr(&gt;|t|)<br \/>\n(Intercept)\u00a0 0.394402835\u00a0 0.016140031\u00a0\u00a0 24.44\u00a0\u00a0 &lt;2e-16 ***<br \/>\npeso\u00a0\u00a0\u00a0\u00a0\u00a0\u00a0\u00a0 -0.000060087\u00a0 0.000005179\u00a0 -11.60\u00a0\u00a0 &lt;2e-16 ***<br \/>\n&#8212;<br \/>\nSignif. codes:\u00a0 0 &#8216;***&#8217; 0.001 &#8216;**&#8217; 0.01 &#8216;*&#8217; 0.05 &#8216;.&#8217; 0.1 &#8216; &#8216; 1<\/p>\n<p>Residual standard error: 0.03439 on 72 degrees of freedom<br \/>\nMultiple R-squared:\u00a0 0.6515,\u00a0\u00a0\u00a0 Adjusted R-squared:\u00a0 0.6467<br \/>\nF-statistic: 134.6 on 1 and 72 DF,\u00a0 p-value: &lt; 2.2e-16<\/p>\n<p>___________________________________________________________________________<\/p>\n<p><a href=\"https:\/\/dcsh.izt.uam.mx\/proyectos\/r\/wp-content\/uploads\/2018\/08\/auto.png\"><img loading=\"lazy\" decoding=\"async\" class=\"alignnone size-medium wp-image-121\" src=\"https:\/\/dcsh.izt.uam.mx\/proyectos\/r\/wp-content\/uploads\/2018\/08\/auto-300x219.png\" alt=\"auto\" width=\"300\" height=\"219\" srcset=\"https:\/\/dcsh.izt.uam.mx\/proyectos\/r\/wp-content\/uploads\/2018\/08\/auto-300x219.png 300w, https:\/\/dcsh.izt.uam.mx\/proyectos\/r\/wp-content\/uploads\/2018\/08\/auto.png 400w\" sizes=\"auto, (max-width: 300px) 100vw, 300px\" \/><\/a><\/p>\n<p>&gt; articulo$mpg100 &lt;- with(articulo, 100\/mpg)<\/p>\n<p>&gt; RegModel.3 &lt;- lm(mpg100~peso, data=articulo)<br \/>\n&gt; summary(RegModel.3)<br \/>\nCall:<br \/>\nlm(formula = mpg100 ~ peso, data = articulo)<\/p>\n<p>Residuals:<br \/>\nMin\u00a0\u00a0\u00a0\u00a0\u00a0\u00a0 1Q\u00a0\u00a0 Median\u00a0\u00a0\u00a0\u00a0\u00a0\u00a0 3Q\u00a0\u00a0\u00a0\u00a0\u00a0 Max<br \/>\n-2.04508 -0.37487\u00a0 0.00488\u00a0 0.40990\u00a0 1.56000<\/p>\n<p>Coefficients:<br \/>\nEstimate Std. Error t value Pr(&gt;|t|)<br \/>\n(Intercept) 0.7707669\u00a0 0.3142571\u00a0\u00a0 2.453\u00a0\u00a0 0.0166 *<br \/>\npeso\u00a0\u00a0\u00a0\u00a0\u00a0\u00a0\u00a0 0.0014070\u00a0 0.0001008\u00a0 13.954\u00a0\u00a0 &lt;2e-16 ***<br \/>\n&#8212;<br \/>\nSignif. codes:\u00a0 0 &#8216;***&#8217; 0.001 &#8216;**&#8217; 0.01 &#8216;*&#8217; 0.05 &#8216;.&#8217; 0.1 &#8216; &#8216; 1<\/p>\n<p>Residual standard error: 0.6696 on 72 degrees of freedom<br \/>\nMultiple R-squared:\u00a0\u00a0 0.73, Adjusted R-squared:\u00a0 0.7263<br \/>\nF-statistic: 194.7 on 1 and 72 DF,\u00a0 p-value: &lt; 2.2e-16<\/p>\n<p>___________________________________________________________________________<\/p>\n<p>&nbsp;<\/p>\n<p>&gt; RegModel.4 &lt;- lm(mpg100~peso+precio, data=articulo)<br \/>\n&gt; summary(RegModel.4)<br \/>\nCall:<br \/>\nlm(formula = mpg100 ~ peso + precio, data = articulo)<\/p>\n<p>Residuals:<br \/>\nMin\u00a0\u00a0\u00a0\u00a0\u00a0\u00a0 1Q\u00a0\u00a0 Median\u00a0\u00a0\u00a0\u00a0\u00a0\u00a0 3Q\u00a0\u00a0\u00a0\u00a0\u00a0 Max<br \/>\n-2.55540 -0.27285\u00a0 0.02426\u00a0 0.40080\u00a0 1.32384<\/p>\n<p>Coefficients:<br \/>\nEstimate Std. Error t value Pr(&gt;|t|)<br \/>\n(Intercept) 0.77124601 0.30497650\u00a0\u00a0 2.529\u00a0\u00a0 0.0137 *<br \/>\npeso\u00a0\u00a0\u00a0\u00a0\u00a0\u00a0\u00a0 0.00126102 0.00011614 \u00a010.858\u00a0\u00a0 &lt;2e-16 ***<br \/>\nprecio\u00a0\u00a0\u00a0\u00a0\u00a0 0.00007144 0.00003060\u00a0\u00a0 2.334\u00a0\u00a0 0.0224 *<br \/>\n&#8212;<br \/>\nSignif. codes:\u00a0 0 &#8216;***&#8217; 0.001 &#8216;**&#8217; 0.01 &#8216;*&#8217; 0.05 &#8216;.&#8217; 0.1 &#8216; &#8216; 1<\/p>\n<p>Residual standard error: 0.6498 on 71 degrees of freedom<br \/>\nMultiple R-squared:\u00a0 0.7493,\u00a0\u00a0\u00a0 Adjusted R-squared:\u00a0 0.7422<br \/>\nF-statistic: 106.1 on 2 and 71 DF,\u00a0 p-value: &lt; 2.2e-16<\/p>\n<p>&gt; stargazer(RegModel.1, header=FALSE, type = &#8220;text&#8221;,<br \/>\n+\u00a0\u00a0 title=&#8221;Tabla 1. Modelos estimados&#8221;,<br \/>\n+ digits=2, single.row=FALSE, omit.stat=c(&#8220;LL&#8221;,&#8221;ser&#8221;,&#8221;f&#8221;))<\/p>\n<p>Tabla 1. Modelos estimados<br \/>\n========================================<br \/>\nVariable dependiente :\u00a0 mpg<br \/>\n&#8212;&#8212;&#8212;&#8212;&#8212;&#8212;&#8212;&#8212;&#8212;&#8212;&#8212;&#8212;&#8212;-<br \/>\npeso\u00a0 \u00a0 \u00a0 \u00a0 \u00a0 \u00a0 \u00a0 \u00a0 \u00a0 \u00a0 \u00a0 \u00a0 \u00a0 -0.01***<br \/>\n(0.001)<\/p>\n<p>Constante\u00a0 \u00a0 \u00a0 \u00a0 \u00a0 \u00a0 \u00a039.44***<br \/>\n(1.61)<\/p>\n<p>&#8212;&#8212;&#8212;&#8212;&#8212;&#8212;&#8212;&#8212;&#8212;&#8212;&#8212;&#8212;&#8212;-<br \/>\nObservationes\u00a0\u00a0\u00a0\u00a0\u00a0\u00a0\u00a0 \u00a0\u00a0\u00a0\u00a0\u00a074<br \/>\nR2\u00a0\u00a0\u00a0\u00a0\u00a0\u00a0\u00a0\u00a0\u00a0\u00a0\u00a0\u00a0\u00a0\u00a0\u00a0\u00a0\u00a0\u00a0\u00a0\u00a0\u00a0 0.65<br \/>\nAdjusted R2\u00a0\u00a0\u00a0\u00a0\u00a0\u00a0\u00a0\u00a0\u00a0\u00a0\u00a0\u00a0 0.65<br \/>\n========================================<br \/>\nNote:\u00a0\u00a0\u00a0\u00a0\u00a0\u00a0\u00a0 *p&lt;0.1; **p&lt;0.05; ***p&lt;0.01<\/p>\n<p>___________________________________________________________________________<\/p>\n<p>&gt; stargazer(RegModel.4, header=FALSE, type = &#8220;text&#8221;,<br \/>\n+\u00a0\u00a0 title=&#8221;Tabla 1. Modelos estimados&#8221;,<br \/>\n+ digits=2, single.row=FALSE, omit.stat=c(&#8220;LL&#8221;,&#8221;ser&#8221;,&#8221;f&#8221;))<\/p>\n<p>Tabla 2. Modelos estimados\u00a0 : 100\/mpg\u00a0 \u00a0 vs.\u00a0 peso.\u00a0 (se interpreta por cada 100 millas cuantos galones se consumen)<br \/>\n========================================<br \/>\nDependent variable:<br \/>\n&#8212;&#8212;&#8212;&#8212;&#8212;&#8212;&#8212;&#8212;&#8212;<br \/>\nmpg100<br \/>\n&#8212;&#8212;&#8212;&#8212;&#8212;&#8212;&#8212;&#8212;&#8212;&#8212;&#8212;&#8212;&#8212;-<br \/>\npeso\u00a0\u00a0\u00a0\u00a0\u00a0\u00a0\u00a0\u00a0\u00a0\u00a0\u00a0\u00a0\u00a0\u00a0\u00a0\u00a0\u00a0 0.001***<br \/>\n(0.0001)<\/p>\n<p>precio\u00a0\u00a0\u00a0\u00a0\u00a0\u00a0\u00a0\u00a0\u00a0\u00a0\u00a0\u00a0\u00a0\u00a0\u00a0 0.0001**<br \/>\n(0.0000)<\/p>\n<p>Constant\u00a0\u00a0\u00a0\u00a0\u00a0\u00a0\u00a0\u00a0\u00a0\u00a0\u00a0\u00a0\u00a0\u00a0 0.77**<br \/>\n(0.30)<\/p>\n<p>&#8212;&#8212;&#8212;&#8212;&#8212;&#8212;&#8212;&#8212;&#8212;&#8212;&#8212;&#8212;&#8212;-<br \/>\nObservations\u00a0\u00a0\u00a0\u00a0\u00a0\u00a0\u00a0 \u00a0\u00a0\u00a0\u00a0\u00a074<br \/>\nR2\u00a0\u00a0\u00a0\u00a0\u00a0\u00a0\u00a0\u00a0\u00a0\u00a0\u00a0\u00a0\u00a0\u00a0\u00a0\u00a0\u00a0\u00a0\u00a0\u00a0\u00a0 0.75<br \/>\nAdjusted R2\u00a0\u00a0\u00a0\u00a0\u00a0\u00a0\u00a0\u00a0\u00a0\u00a0\u00a0\u00a0 0.74<br \/>\n========================================<br \/>\nNote:\u00a0\u00a0\u00a0\u00a0\u00a0\u00a0\u00a0 *p&lt;0.1; **p&lt;0.05; ***p&lt;0.01<\/p>\n<p>___________________________________________________________________________<\/p>\n<p>&nbsp;<\/p>\n<p>&gt; stargazer(RegModel.3, RegModel.4, header=FALSE, type = &#8220;text&#8221;,<br \/>\n+\u00a0\u00a0 title=&#8221;Tabla 1. Modelos estimados&#8221;,<br \/>\n+ digits=2, single.row=FALSE, omit.stat=c(&#8220;LL&#8221;,&#8221;ser&#8221;,&#8221;f&#8221;))<\/p>\n<p>Tabla 3. Modelos estimados son 2. con una variable y con dos variables explicativas.<br \/>\n=========================================<br \/>\nDependent variable:<br \/>\n&#8212;&#8212;&#8212;&#8212;&#8212;&#8212;&#8212;&#8212;&#8212;-<br \/>\nmpg100<br \/>\n(1)\u00a0\u00a0\u00a0\u00a0\u00a0\u00a0\u00a0\u00a0\u00a0\u00a0\u00a0 (2)<br \/>\n&#8212;&#8212;&#8212;&#8212;&#8212;&#8212;&#8212;&#8212;&#8212;&#8212;&#8212;&#8212;&#8212;&#8211;<br \/>\npeso\u00a0\u00a0\u00a0\u00a0\u00a0\u00a0\u00a0\u00a0\u00a0\u00a0\u00a0 0.001***\u00a0\u00a0\u00a0\u00a0\u00a0 0.001***<br \/>\n(0.0001)\u00a0\u00a0\u00a0\u00a0\u00a0 (0.0001)<\/p>\n<p>precio\u00a0\u00a0\u00a0\u00a0\u00a0\u00a0\u00a0\u00a0\u00a0\u00a0\u00a0\u00a0\u00a0\u00a0\u00a0\u00a0\u00a0\u00a0\u00a0\u00a0\u00a0\u00a0\u00a0 0.0001**<br \/>\n(0.0000)<\/p>\n<p>Constant\u00a0\u00a0\u00a0\u00a0\u00a0\u00a0\u00a0\u00a0 0.77**\u00a0\u00a0\u00a0\u00a0\u00a0\u00a0\u00a0 0.77**<br \/>\n(0.31)\u00a0\u00a0\u00a0\u00a0\u00a0\u00a0\u00a0 (0.30)<\/p>\n<p>&#8212;&#8212;&#8212;&#8212;&#8212;&#8212;&#8212;&#8212;&#8212;&#8212;&#8212;&#8212;&#8212;&#8212;&#8212;&#8212;&#8212;&#8212;&#8212;&#8212;&#8212;&#8212;&#8211;<br \/>\nObservations\u00a0\u00a0\u00a0\u00a0\u00a0\u00a0 74\u00a0\u00a0\u00a0\u00a0\u00a0\u00a0\u00a0\u00a0\u00a0\u00a0\u00a0 74<br \/>\nR2\u00a0\u00a0\u00a0\u00a0\u00a0\u00a0\u00a0\u00a0\u00a0\u00a0\u00a0\u00a0\u00a0\u00a0\u00a0 0.73\u00a0\u00a0\u00a0\u00a0\u00a0\u00a0\u00a0\u00a0\u00a0 0.75<br \/>\nAdjusted R2\u00a0\u00a0\u00a0\u00a0\u00a0\u00a0 0.73\u00a0\u00a0\u00a0\u00a0\u00a0\u00a0\u00a0\u00a0\u00a0 0.74<br \/>\n=========================================<br \/>\nNote:\u00a0\u00a0\u00a0\u00a0\u00a0\u00a0\u00a0\u00a0 *p&lt;0.1; **p&lt;0.05; ***p&lt;0.01<\/p>\n","protected":false},"excerpt":{"rendered":"<p>Autor:\u00a0 Guillermo Martinez Atilano El siguiente Modelo fue estimado con R. Utiliza la base de datos Auto.dta de Stata. 2018-08-03 00:30:44 &gt; articulo &lt;- readXL(&#8220;C:\/Users\/Atilano\/Desktop\/auto_es.xls&#8221;, rownames=FALSE, header=TRUE, na=&#8221;&#8221;, +\u00a0\u00a0 sheet=&#8221;Sheet1&#8243;, stringsAsFactors=TRUE) La gr\u00e1fica de dispersi\u00f3n muestra una relaci\u00f3n negativa entre el peso de un autom\u00f3vil y las millas por gal\u00f3n. A memor peso aumenta el &hellip; <a href=\"https:\/\/dcsh.izt.uam.mx\/proyectos\/r\/?page_id=101\" class=\"more-link\">Seguir leyendo <span class=\"screen-reader-text\">Modelo Auto con R<\/span> <span class=\"meta-nav\">&rarr;<\/span><\/a><\/p>\n","protected":false},"author":1,"featured_media":0,"parent":0,"menu_order":0,"comment_status":"closed","ping_status":"open","template":"","meta":{"footnotes":""},"class_list":["post-101","page","type-page","status-publish","hentry"],"_links":{"self":[{"href":"https:\/\/dcsh.izt.uam.mx\/proyectos\/r\/index.php?rest_route=\/wp\/v2\/pages\/101","targetHints":{"allow":["GET"]}}],"collection":[{"href":"https:\/\/dcsh.izt.uam.mx\/proyectos\/r\/index.php?rest_route=\/wp\/v2\/pages"}],"about":[{"href":"https:\/\/dcsh.izt.uam.mx\/proyectos\/r\/index.php?rest_route=\/wp\/v2\/types\/page"}],"author":[{"embeddable":true,"href":"https:\/\/dcsh.izt.uam.mx\/proyectos\/r\/index.php?rest_route=\/wp\/v2\/users\/1"}],"replies":[{"embeddable":true,"href":"https:\/\/dcsh.izt.uam.mx\/proyectos\/r\/index.php?rest_route=%2Fwp%2Fv2%2Fcomments&post=101"}],"version-history":[{"count":5,"href":"https:\/\/dcsh.izt.uam.mx\/proyectos\/r\/index.php?rest_route=\/wp\/v2\/pages\/101\/revisions"}],"predecessor-version":[{"id":122,"href":"https:\/\/dcsh.izt.uam.mx\/proyectos\/r\/index.php?rest_route=\/wp\/v2\/pages\/101\/revisions\/122"}],"wp:attachment":[{"href":"https:\/\/dcsh.izt.uam.mx\/proyectos\/r\/index.php?rest_route=%2Fwp%2Fv2%2Fmedia&parent=101"}],"curies":[{"name":"wp","href":"https:\/\/api.w.org\/{rel}","templated":true}]}}